{"id":13487,"date":"2022-09-22T20:23:58","date_gmt":"2022-09-22T18:23:58","guid":{"rendered":"https:\/\/www.zakopanetravel.com\/home\/"},"modified":"2023-02-09T15:46:20","modified_gmt":"2023-02-09T13:46:20","slug":"home","status":"publish","type":"page","link":"https:\/\/www.zakopanetravel.com\/hu\/","title":{"rendered":"Home"},"content":{"rendered":"\t\t<div data-elementor-type=\"wp-page\" data-elementor-id=\"13487\" class=\"elementor elementor-13487 elementor-106\">\n\t\t\t\t\t\t\t\t\t<section class=\"elementor-section elementor-top-section elementor-element elementor-element-11f9d621 elementor-section-full_width elementor-section-height-default elementor-section-height-default\" data-id=\"11f9d621\" data-element_type=\"section\">\n\t\t\t\t\t\t<div class=\"elementor-container elementor-column-gap-no\">\n\t\t\t\t\t<div class=\"elementor-column elementor-col-100 elementor-top-column elementor-element elementor-element-33e343d4\" data-id=\"33e343d4\" data-element_type=\"column\">\n\t\t\t<div class=\"elementor-widget-wrap elementor-element-populated\">\n\t\t\t\t\t\t\t\t<div class=\"elementor-element elementor-element-479f57e0 elementor-widget elementor-widget-vlt-showcase-10\" data-id=\"479f57e0\" data-element_type=\"widget\" data-settings=\"{&quot;aos_animation_name&quot;:&quot;none&quot;}\" data-widget_type=\"vlt-showcase-10.default\">\n\t\t\t\t<div class=\"elementor-widget-container\">\n\t\t\t\n\t\t<div class=\"vlt-showcase vlt-showcase--style-10 swiper-container\" data-gap=\"30\" data-navigation-anchor=\"\">\n\n\t\t\t<div class=\"swiper-wrapper\">\n\n\t\t\t\t\n\t\t\t\t\t<div class=\"swiper-slide\">\n\n\t\t\t\t\t\t<div class=\"vlt-showcase-item\">\n\n\t\t\t\t\t\t\t\n\t\t\t\t\t\t\t\t<div class=\"vlt-showcase-image\">\n\n\t\t\t\t\t\t\t\t\t<img class=\"swiper-lazy\" src=\"\" data-src=\"https:\/\/www.zakopanetravel.com\/assets\/uploads\/zakopane-blog\/zakopane.jpg\" alt=\"Zakopane.jpg\">\n\t\t\t\t\t\t\t\t\t<div class=\"swiper-lazy-preloader\"><\/div>\n\n\t\t\t\t\t\t\t\t<\/div>\n\n\t\t\t\t\t\t\t\n\t\t\t\t\t\t\t<div class=\"vlt-showcase-content\">\n\n\t\t\t\t\t\t\t\t\n\t\t\t\t\t\t\t\t\t<div class=\"vlt-showcase-category\">\n\t\t\t\t\t\t\t\t\t\tFedezd fel\t\t\t\t\t\t\t\t\t<\/div>\n\n\t\t\t\t\t\t\t\t\n\t\t\t\t\t\t\t\t\n\t\t\t\t\t\t\t\t\t\n\t\t\t\t\t\t\t\t\t<h2 class=\"vlt-showcase-title \">\n\t\t\t\t\t\t\t\t\t\t<a href=\"\/zakopaneinfo\">Zakopane<\/a>\t\t\t\t\t\t\t\t\t<\/h2>\n\n\t\t\t\t\t\t\t\t\n\t\t\t\t\t\t\t\t\n\t\t\t\t\t\t\t\t\t<p class=\"vlt-showcase-text\">\n\t\t\t\t\t\t\t\t\t\tZakopane egy nagyon hangulatos hegyi \u00fcd\u00fcl\u0151hely D\u00e9l-Lengyelorsz\u00e1gban, a T\u00e1tra hegys\u00e9g l\u00e1b\u00e1n\u00e1l. Kiemelt t\u00e9li sport- \u00e9s gy\u00f3gy\u00fcd\u00fcl\u0151k\u00f6zpont. K\u00f6nny\u0171 megk\u00f6zel\u00edteni vonattal \u00e9s aut\u00f3val. Zakopane a t\u00e9rs\u00e9g kultur\u00e1lis k\u00f6zpontja.\n\t\t\t\t\t\t\t\t\t<\/p>\n\n\t\t\t\t\t\t\t\t\n\t\t\t\t\t\t\t\t\n\t\t\t\t\t\t\t\t\t<a class=\"vlt-showcase-link\" href=\"\/zakopaneinfo\"><i class=\"fa-regular fa-fw fa-arrow-right\"><\/i><\/a>\n\n\t\t\t\t\t\t\t\t\n\t\t\t\t\t\t\t<\/div>\n\n\t\t\t\t\t\t<\/div>\n\n\t\t\t\t\t<\/div>\n\n\t\t\t\t\n\t\t\t\t\t<div class=\"swiper-slide\">\n\n\t\t\t\t\t\t<div class=\"vlt-showcase-item\">\n\n\t\t\t\t\t\t\t\n\t\t\t\t\t\t\t\t<div class=\"vlt-showcase-image\">\n\n\t\t\t\t\t\t\t\t\t<img class=\"swiper-lazy\" src=\"\" data-src=\"https:\/\/www.zakopanetravel.com\/assets\/uploads\/zakopane-main-page\/74136184.jpg\" alt=\"74136184.jpg\">\n\t\t\t\t\t\t\t\t\t<div class=\"swiper-lazy-preloader\"><\/div>\n\n\t\t\t\t\t\t\t\t<\/div>\n\n\t\t\t\t\t\t\t\n\t\t\t\t\t\t\t<div class=\"vlt-showcase-content\">\n\n\t\t\t\t\t\t\t\t\n\t\t\t\t\t\t\t\t\t<div class=\"vlt-showcase-category\">\n\t\t\t\t\t\t\t\t\t\tK\u00f6zvetlen\u00fcl a tulajdonost\u00f3l\t\t\t\t\t\t\t\t\t<\/div>\n\n\t\t\t\t\t\t\t\t\n\t\t\t\t\t\t\t\t\n\t\t\t\t\t\t\t\t\t\n\t\t\t\t\t\t\t\t\t<h2 class=\"vlt-showcase-title \">\n\t\t\t\t\t\t\t\t\t\t<a href=\"\/accommodations\">Sz\u00e1ll\u00e1s<\/a>\t\t\t\t\t\t\t\t\t<\/h2>\n\n\t\t\t\t\t\t\t\t\n\t\t\t\t\t\t\t\t\n\t\t\t\t\t\t\t\t\t<p class=\"vlt-showcase-text\">\n\t\t\t\t\t\t\t\t\t\tFoglal\u00e1si ig\u00e9nyed k\u00f6zvetlen\u00fcl a tulajdonosnak k\u00fcldheted. Nincs tov\u00e1bbi d\u00edj.\nA legkedvez\u0151bb \u00e1rat kaphatod, megtal\u00e1lod a k\u00f6zvetlen el\u00e9rhet\u0151s\u00e9geket: sz\u00e1ll\u00e1shely email c\u00edm\u00e9t, telefon sz\u00e1m\u00e1t \u00e9s weboldal\u00e1t. A honlapjukon ellen\u0151rizheted az el\u00e9rhet\u0151s\u00e9geket \u00e9s az \u00e1rakat.\t\t\t\t\t\t\t\t\t<\/p>\n\n\t\t\t\t\t\t\t\t\n\t\t\t\t\t\t\t\t\n\t\t\t\t\t\t\t\t\t<a class=\"vlt-showcase-link\" href=\"\/accommodations\"><i class=\"fa-regular fa-fw fa-arrow-right\"><\/i><\/a>\n\n\t\t\t\t\t\t\t\t\n\t\t\t\t\t\t\t<\/div>\n\n\t\t\t\t\t\t<\/div>\n\n\t\t\t\t\t<\/div>\n\n\t\t\t\t\n\t\t\t\t\t<div class=\"swiper-slide\">\n\n\t\t\t\t\t\t<div class=\"vlt-showcase-item\">\n\n\t\t\t\t\t\t\t\n\t\t\t\t\t\t\t\t<div class=\"vlt-showcase-image\">\n\n\t\t\t\t\t\t\t\t\t<img class=\"swiper-lazy\" src=\"\" data-src=\"https:\/\/www.zakopanetravel.com\/assets\/uploads\/zakopane-main-page\/brooke-cagle-whwybmtn3_0-unsplash.jpg\" alt=\"brooke-cagle-WHWYBmtn3_0-unsplash.jpg\">\n\t\t\t\t\t\t\t\t\t<div class=\"swiper-lazy-preloader\"><\/div>\n\n\t\t\t\t\t\t\t\t<\/div>\n\n\t\t\t\t\t\t\t\n\t\t\t\t\t\t\t<div class=\"vlt-showcase-content\">\n\n\t\t\t\t\t\t\t\t\n\t\t\t\t\t\t\t\t\t<div class=\"vlt-showcase-category\">\n\t\t\t\t\t\t\t\t\t\tTags\u00e1g\t\t\t\t\t\t\t\t\t<\/div>\n\n\t\t\t\t\t\t\t\t\n\t\t\t\t\t\t\t\t\n\t\t\t\t\t\t\t\t\t\n\t\t\t\t\t\t\t\t\t<h2 class=\"vlt-showcase-title \">\n\t\t\t\t\t\t\t\t\t\t<a href=\"\/my-account\">Sz\u00e1ll\u00e1shely regisztr\u00e1ci\u00f3<\/a>\t\t\t\t\t\t\t\t\t<\/h2>\n\n\t\t\t\t\t\t\t\t\n\t\t\t\t\t\t\t\t\n\t\t\t\t\t\t\t\t\t<p class=\"vlt-showcase-text\">\n\t\t\t\t\t\t\t\t\t\tRegisztr\u00e1lja sz\u00e1ll\u00e1s\u00e1t vagy \u00e9tterm\u00e9t \u00e9s mutassa be weboldalunkon! Tov\u00e1bbi inform\u00e1ci\u00f3\u00e9rt regisztr\u00e1ljon a webhelyen.<\/br><\/br><\/br>\t\t\t\t\t\t\t\t\t<\/p>\n\n\t\t\t\t\t\t\t\t\n\t\t\t\t\t\t\t\t\n\t\t\t\t\t\t\t\t\t<a class=\"vlt-showcase-link\" href=\"\/my-account\"><i class=\"fa-regular fa-fw fa-arrow-right\"><\/i><\/a>\n\n\t\t\t\t\t\t\t\t\n\t\t\t\t\t\t\t<\/div>\n\n\t\t\t\t\t\t<\/div>\n\n\t\t\t\t\t<\/div>\n\n\t\t\t\t\n\t\t\t<\/div>\n\n\t\t<\/div>\n\n\t\t\t\t<\/div>\n\t\t\t\t<\/div>\n\t\t\t\t\t<\/div>\n\t\t<\/div>\n\t\t\t\t\t\t\t<\/div>\n\t\t<\/section>\n\t\t\t\t\t\t\t<\/div>\n\t\t","protected":false},"excerpt":{"rendered":"<p>Fedezd fel Zakopane Zakopane egy nagyon hangulatos hegyi \u00fcd\u00fcl\u0151hely D\u00e9l-Lengyelorsz\u00e1gban, a T\u00e1tra hegys\u00e9g l\u00e1b\u00e1n\u00e1l. Kiemelt t\u00e9li sport- \u00e9s gy\u00f3gy\u00fcd\u00fcl\u0151k\u00f6zpont. K\u00f6nny\u0171 megk\u00f6zel\u00edteni vonattal \u00e9s aut\u00f3val. Zakopane a t\u00e9rs\u00e9g kultur\u00e1lis k\u00f6zpontja. K\u00f6zvetlen\u00fcl a tulajdonost\u00f3l Sz\u00e1ll\u00e1s Foglal\u00e1si ig\u00e9nyed k\u00f6zvetlen\u00fcl a tulajdonosnak k\u00fcldheted. Nincs tov\u00e1bbi d\u00edj. A legkedvez\u0151bb \u00e1rat kaphatod, megtal\u00e1lod a k\u00f6zvetlen el\u00e9rhet\u0151s\u00e9geket: sz\u00e1ll\u00e1shely email c\u00edm\u00e9t, telefon sz\u00e1m\u00e1t [&hellip;]<\/p>\n","protected":false},"author":3,"featured_media":0,"parent":0,"menu_order":0,"comment_status":"closed","ping_status":"closed","template":"template-custom-page.php","meta":{"_vp_format_video_url":"","_vp_image_focal_point":[]},"acf":[],"yoast_head":"<!-- This site is optimized with the Yoast SEO Premium plugin v19.0 (Yoast SEO v19.10) - https:\/\/yoast.com\/wordpress\/plugins\/seo\/ -->\n<title>Home - Zakopanetravel.com<\/title>\n<meta name=\"robots\" content=\"index, follow, max-snippet:-1, max-image-preview:large, max-video-preview:-1\" \/>\n<link rel=\"canonical\" href=\"https:\/\/www.zakopanetravel.com\/hu\/\" \/>\n<meta property=\"og:locale\" content=\"hu_HU\" \/>\n<meta property=\"og:type\" content=\"article\" \/>\n<meta property=\"og:title\" content=\"Home\" \/>\n<meta property=\"og:description\" content=\"Fedezd fel Zakopane Zakopane egy nagyon hangulatos hegyi \u00fcd\u00fcl\u0151hely D\u00e9l-Lengyelorsz\u00e1gban, a T\u00e1tra hegys\u00e9g l\u00e1b\u00e1n\u00e1l. Kiemelt t\u00e9li sport- \u00e9s gy\u00f3gy\u00fcd\u00fcl\u0151k\u00f6zpont. K\u00f6nny\u0171 megk\u00f6zel\u00edteni vonattal \u00e9s aut\u00f3val. Zakopane a t\u00e9rs\u00e9g kultur\u00e1lis k\u00f6zpontja. K\u00f6zvetlen\u00fcl a tulajdonost\u00f3l Sz\u00e1ll\u00e1s Foglal\u00e1si ig\u00e9nyed k\u00f6zvetlen\u00fcl a tulajdonosnak k\u00fcldheted. Nincs tov\u00e1bbi d\u00edj. A legkedvez\u0151bb \u00e1rat kaphatod, megtal\u00e1lod a k\u00f6zvetlen el\u00e9rhet\u0151s\u00e9geket: sz\u00e1ll\u00e1shely email c\u00edm\u00e9t, telefon sz\u00e1m\u00e1t [&hellip;]\" \/>\n<meta property=\"og:url\" content=\"https:\/\/www.zakopanetravel.com\/hu\/\" \/>\n<meta property=\"og:site_name\" content=\"Zakopanetravel.com\" \/>\n<meta property=\"article:modified_time\" content=\"2023-02-09T13:46:20+00:00\" \/>\n<meta name=\"twitter:card\" content=\"summary_large_image\" \/>\n<meta name=\"twitter:label1\" content=\"Becs\u00fclt olvas\u00e1si id\u0151\" \/>\n\t<meta name=\"twitter:data1\" content=\"2 perc\" \/>\n<script type=\"application\/ld+json\" class=\"yoast-schema-graph\">{\"@context\":\"https:\/\/schema.org\",\"@graph\":[{\"@type\":\"WebPage\",\"@id\":\"https:\/\/www.zakopanetravel.com\/hu\/\",\"url\":\"https:\/\/www.zakopanetravel.com\/hu\/\",\"name\":\"Home - Zakopanetravel.com\",\"isPartOf\":{\"@id\":\"https:\/\/www.zakopanetravel.com\/#website\"},\"datePublished\":\"2022-09-22T18:23:58+00:00\",\"dateModified\":\"2023-02-09T13:46:20+00:00\",\"breadcrumb\":{\"@id\":\"https:\/\/www.zakopanetravel.com\/hu\/#breadcrumb\"},\"inLanguage\":\"hu\",\"potentialAction\":[{\"@type\":\"ReadAction\",\"target\":[\"https:\/\/www.zakopanetravel.com\/hu\/\"]}]},{\"@type\":\"BreadcrumbList\",\"@id\":\"https:\/\/www.zakopanetravel.com\/hu\/#breadcrumb\",\"itemListElement\":[{\"@type\":\"ListItem\",\"position\":1,\"name\":\"Home\",\"item\":\"https:\/\/www.zakopanetravel.com\/hu\/\"},{\"@type\":\"ListItem\",\"position\":2,\"name\":\"Home\"}]},{\"@type\":\"WebSite\",\"@id\":\"https:\/\/www.zakopanetravel.com\/#website\",\"url\":\"https:\/\/www.zakopanetravel.com\/\",\"name\":\"Zakopanetravel.com\",\"description\":\"Community\",\"potentialAction\":[{\"@type\":\"SearchAction\",\"target\":{\"@type\":\"EntryPoint\",\"urlTemplate\":\"https:\/\/www.zakopanetravel.com\/?s={search_term_string}\"},\"query-input\":\"required name=search_term_string\"}],\"inLanguage\":\"hu\"}]}<\/script>\n<!-- \/ Yoast SEO Premium plugin. -->","yoast_head_json":{"title":"Home - Zakopanetravel.com","robots":{"index":"index","follow":"follow","max-snippet":"max-snippet:-1","max-image-preview":"max-image-preview:large","max-video-preview":"max-video-preview:-1"},"canonical":"https:\/\/www.zakopanetravel.com\/hu\/","og_locale":"hu_HU","og_type":"article","og_title":"Home","og_description":"Fedezd fel Zakopane Zakopane egy nagyon hangulatos hegyi \u00fcd\u00fcl\u0151hely D\u00e9l-Lengyelorsz\u00e1gban, a T\u00e1tra hegys\u00e9g l\u00e1b\u00e1n\u00e1l. Kiemelt t\u00e9li sport- \u00e9s gy\u00f3gy\u00fcd\u00fcl\u0151k\u00f6zpont. K\u00f6nny\u0171 megk\u00f6zel\u00edteni vonattal \u00e9s aut\u00f3val. Zakopane a t\u00e9rs\u00e9g kultur\u00e1lis k\u00f6zpontja. K\u00f6zvetlen\u00fcl a tulajdonost\u00f3l Sz\u00e1ll\u00e1s Foglal\u00e1si ig\u00e9nyed k\u00f6zvetlen\u00fcl a tulajdonosnak k\u00fcldheted. Nincs tov\u00e1bbi d\u00edj. A legkedvez\u0151bb \u00e1rat kaphatod, megtal\u00e1lod a k\u00f6zvetlen el\u00e9rhet\u0151s\u00e9geket: sz\u00e1ll\u00e1shely email c\u00edm\u00e9t, telefon sz\u00e1m\u00e1t [&hellip;]","og_url":"https:\/\/www.zakopanetravel.com\/hu\/","og_site_name":"Zakopanetravel.com","article_modified_time":"2023-02-09T13:46:20+00:00","twitter_card":"summary_large_image","twitter_misc":{"Becs\u00fclt olvas\u00e1si id\u0151":"2 perc"},"schema":{"@context":"https:\/\/schema.org","@graph":[{"@type":"WebPage","@id":"https:\/\/www.zakopanetravel.com\/hu\/","url":"https:\/\/www.zakopanetravel.com\/hu\/","name":"Home - Zakopanetravel.com","isPartOf":{"@id":"https:\/\/www.zakopanetravel.com\/#website"},"datePublished":"2022-09-22T18:23:58+00:00","dateModified":"2023-02-09T13:46:20+00:00","breadcrumb":{"@id":"https:\/\/www.zakopanetravel.com\/hu\/#breadcrumb"},"inLanguage":"hu","potentialAction":[{"@type":"ReadAction","target":["https:\/\/www.zakopanetravel.com\/hu\/"]}]},{"@type":"BreadcrumbList","@id":"https:\/\/www.zakopanetravel.com\/hu\/#breadcrumb","itemListElement":[{"@type":"ListItem","position":1,"name":"Home","item":"https:\/\/www.zakopanetravel.com\/hu\/"},{"@type":"ListItem","position":2,"name":"Home"}]},{"@type":"WebSite","@id":"https:\/\/www.zakopanetravel.com\/#website","url":"https:\/\/www.zakopanetravel.com\/","name":"Zakopanetravel.com","description":"Community","potentialAction":[{"@type":"SearchAction","target":{"@type":"EntryPoint","urlTemplate":"https:\/\/www.zakopanetravel.com\/?s={search_term_string}"},"query-input":"required name=search_term_string"}],"inLanguage":"hu"}]}},"_links":{"self":[{"href":"https:\/\/www.zakopanetravel.com\/hu\/wp-json\/wp\/v2\/pages\/13487"}],"collection":[{"href":"https:\/\/www.zakopanetravel.com\/hu\/wp-json\/wp\/v2\/pages"}],"about":[{"href":"https:\/\/www.zakopanetravel.com\/hu\/wp-json\/wp\/v2\/types\/page"}],"author":[{"embeddable":true,"href":"https:\/\/www.zakopanetravel.com\/hu\/wp-json\/wp\/v2\/users\/3"}],"replies":[{"embeddable":true,"href":"https:\/\/www.zakopanetravel.com\/hu\/wp-json\/wp\/v2\/comments?post=13487"}],"version-history":[{"count":35,"href":"https:\/\/www.zakopanetravel.com\/hu\/wp-json\/wp\/v2\/pages\/13487\/revisions"}],"predecessor-version":[{"id":19527,"href":"https:\/\/www.zakopanetravel.com\/hu\/wp-json\/wp\/v2\/pages\/13487\/revisions\/19527"}],"wp:attachment":[{"href":"https:\/\/www.zakopanetravel.com\/hu\/wp-json\/wp\/v2\/media?parent=13487"}],"curies":[{"name":"wp","href":"https:\/\/api.w.org\/{rel}","templated":true}]}}