{"id":13682,"date":"2022-09-28T09:51:27","date_gmt":"2022-09-28T07:51:27","guid":{"rendered":"https:\/\/www.zakopanetravel.com\/rolunk\/"},"modified":"2023-02-09T16:46:54","modified_gmt":"2023-02-09T14:46:54","slug":"rolunk","status":"publish","type":"page","link":"https:\/\/www.zakopanetravel.com\/hu\/rolunk\/","title":{"rendered":"R\u00f3lunk"},"content":{"rendered":"\t\t<div data-elementor-type=\"wp-page\" data-elementor-id=\"13682\" class=\"elementor elementor-13682 elementor-121\">\n\t\t\t\t\t\t\t\t\t<section class=\"elementor-section elementor-top-section elementor-element elementor-element-5770a09 has-vertical-lines elementor-reverse-tablet elementor-reverse-mobile elementor-section-boxed elementor-section-height-default elementor-section-height-default\" data-id=\"5770a09\" data-element_type=\"section\" data-settings=\"{&quot;background_background&quot;:&quot;classic&quot;}\">\n\t\t\t\t\t\t<div class=\"elementor-container elementor-column-gap-extended\">\n\t\t\t\t\t<div class=\"elementor-column elementor-col-50 elementor-top-column elementor-element elementor-element-305d1b3a\" data-id=\"305d1b3a\" data-element_type=\"column\">\n\t\t\t<div class=\"elementor-widget-wrap elementor-element-populated\">\n\t\t\t\t\t\t\t\t<div class=\"elementor-element elementor-element-1dc2e0de elementor-widget elementor-widget-vlt-spacer\" data-id=\"1dc2e0de\" data-element_type=\"widget\" data-settings=\"{&quot;aos_animation_name&quot;:&quot;none&quot;}\" data-widget_type=\"vlt-spacer.default\">\n\t\t\t\t<div class=\"elementor-widget-container\">\n\t\t\t\n\t\t<div class=\"vlt-spacer\"><\/div>\n\n\t\t\t\t<\/div>\n\t\t\t\t<\/div>\n\t\t\t\t<div class=\"elementor-element elementor-element-6aff3a3 has-color-shade-2 elementor-widget elementor-widget-vlt-heading\" data-id=\"6aff3a3\" data-element_type=\"widget\" data-settings=\"{&quot;aos_animation_name&quot;:&quot;none&quot;}\" data-widget_type=\"vlt-heading.default\">\n\t\t\t\t<div class=\"elementor-widget-container\">\n\t\t\t\n\t\t<div class=\"vlt-heading\">\n\n\t\t\t\n\t\t\t\t\t\t\tZakopanetravel.com\t\t\t\n\t\t\t\n\t\t<\/div>\n\n\t\t\t<\/div>\n\t\t\t\t<\/div>\n\t\t\t\t<div class=\"elementor-element elementor-element-42a925d5 elementor-widget elementor-widget-vlt-spacer\" data-id=\"42a925d5\" data-element_type=\"widget\" data-settings=\"{&quot;aos_animation_name&quot;:&quot;none&quot;}\" data-widget_type=\"vlt-spacer.default\">\n\t\t\t\t<div class=\"elementor-widget-container\">\n\t\t\t\n\t\t<div class=\"vlt-spacer\"><\/div>\n\n\t\t\t\t<\/div>\n\t\t\t\t<\/div>\n\t\t\t\t<div class=\"elementor-element elementor-element-55c897c9 elementor-widget elementor-widget-vlt-heading\" data-id=\"55c897c9\" data-element_type=\"widget\" data-settings=\"{&quot;aos_animation_name&quot;:&quot;none&quot;}\" data-widget_type=\"vlt-heading.default\">\n\t\t\t\t<div class=\"elementor-widget-container\">\n\t\t\t\n\t\t<h1 class=\"vlt-heading h2\">\n\n\t\t\t\n\t\t\t\t\t\t\t\u00dcdv! Fedezd fel k\u00f6z\u00f6ss\u00e9gi oldalunkat\t\t\t\n\t\t\t\n\t\t<\/h1>\n\n\t\t\t<\/div>\n\t\t\t\t<\/div>\n\t\t\t\t<div class=\"elementor-element elementor-element-74f8cf2 elementor-widget elementor-widget-vlt-spacer\" data-id=\"74f8cf2\" data-element_type=\"widget\" data-settings=\"{&quot;aos_animation_name&quot;:&quot;none&quot;}\" data-widget_type=\"vlt-spacer.default\">\n\t\t\t\t<div class=\"elementor-widget-container\">\n\t\t\t\n\t\t<div class=\"vlt-spacer\"><\/div>\n\n\t\t\t\t<\/div>\n\t\t\t\t<\/div>\n\t\t\t\t<div class=\"elementor-element elementor-element-5e8556e6 elementor-widget elementor-widget-text-editor\" data-id=\"5e8556e6\" data-element_type=\"widget\" data-settings=\"{&quot;aos_animation_name&quot;:&quot;none&quot;}\" data-widget_type=\"text-editor.default\">\n\t\t\t\t<div class=\"elementor-widget-container\">\n\t\t\t<style>\/*! elementor - v3.8.1 - 13-11-2022 *\/\n.elementor-widget-text-editor.elementor-drop-cap-view-stacked .elementor-drop-cap{background-color:#818a91;color:#fff}.elementor-widget-text-editor.elementor-drop-cap-view-framed .elementor-drop-cap{color:#818a91;border:3px solid;background-color:transparent}.elementor-widget-text-editor:not(.elementor-drop-cap-view-default) .elementor-drop-cap{margin-top:8px}.elementor-widget-text-editor:not(.elementor-drop-cap-view-default) .elementor-drop-cap-letter{width:1em;height:1em}.elementor-widget-text-editor .elementor-drop-cap{float:left;text-align:center;line-height:1;font-size:50px}.elementor-widget-text-editor .elementor-drop-cap-letter{display:inline-block}<\/style>\t\t\t\t<p>Minden Zakopaner\u00f3l \u00e9s k\u00f6rny\u00e9k\u00e9r\u0151l sz\u00f3l. Ez a megfelel\u0151 hely a sz\u00e1modra, ha szereted a hegyeket, a finom t\u00e1jjelleg\u0171 \u00e9teleket, a friss leveg\u0151t, a fah\u00e1zakat, a term\u00e9szetet&#8230;. Fedezd fel a weboldalt, amelyet folyamatosan friss\u00edt\u00fcnk \u00faj \u00e9s hasznos inform\u00e1ci\u00f3kkal.<\/p><p>K\u00f6z\u00f6ss\u00e9g\u00fcnk n\u00f6vekszik az Instagramon \u00e9s a Facebookon, l\u00e9gy r\u00e9szese.<\/p><p>A sz\u00e1ll\u00e1shely- \u00e9s vend\u00e9gl\u00e1t\u00f3-szolg\u00e1ltat\u00f3k, tulajdonosok regisztr\u00e1lhatj\u00e1k ingatlanaikat \u00e9s megoszthatnak minden hasznos inform\u00e1ci\u00f3t a weboldalon.<\/p><p>Ez egy \u00faj,\u00a0 n\u00f6vekv\u0151 k\u00f6z\u00f6ss\u00e9g, k\u00f6vess minket. Oszd meg tapasztalataidat Facebook vagy Instagram oldalunkon.<\/p>\t\t\t\t\t\t<\/div>\n\t\t\t\t<\/div>\n\t\t\t\t<div class=\"elementor-element elementor-element-759a6910 elementor-widget elementor-widget-vlt-spacer\" data-id=\"759a6910\" data-element_type=\"widget\" data-settings=\"{&quot;aos_animation_name&quot;:&quot;none&quot;}\" data-widget_type=\"vlt-spacer.default\">\n\t\t\t\t<div class=\"elementor-widget-container\">\n\t\t\t\n\t\t<div class=\"vlt-spacer\"><\/div>\n\n\t\t\t\t<\/div>\n\t\t\t\t<\/div>\n\t\t\t\t<section class=\"elementor-section elementor-inner-section elementor-element elementor-element-6a5844b5 elementor-section-full_width elementor-section-height-default elementor-section-height-default\" data-id=\"6a5844b5\" data-element_type=\"section\">\n\t\t\t\t\t\t<div class=\"elementor-container elementor-column-gap-no\">\n\t\t\t\t\t<div class=\"elementor-column elementor-col-33 elementor-inner-column elementor-element elementor-element-60b35b47\" data-id=\"60b35b47\" data-element_type=\"column\">\n\t\t\t<div class=\"elementor-widget-wrap elementor-element-populated\">\n\t\t\t\t\t\t\t\t<div class=\"elementor-element elementor-element-3d93772b elementor-widget elementor-widget-vlt-counter-up\" data-id=\"3d93772b\" data-element_type=\"widget\" data-settings=\"{&quot;aos_animation_name&quot;:&quot;none&quot;}\" data-widget_type=\"vlt-counter-up.default\">\n\t\t\t\t<div class=\"elementor-widget-container\">\n\t\t\t\n\t\t<div class=\"vlt-counter-up\" data-animation-speed=\"2000\" data-delimiter=\",\">\n\n\t\t\t<div class=\"vlt-counter-up__number h1\">\n\n\t\t\t\t\n\t\t\t\t<span class=\"counter\">7295<\/span>\n\t\t\t\t\n\t\t\t<\/div>\n\n\t\t\t\t\t\t\t<h5 class=\"vlt-counter-up__title \">Instagram + Facebook k\u00f6vet\u0151<\/h5>\n\t\t\t\n\t\t<\/div>\n\n\t\t\t<\/div>\n\t\t\t\t<\/div>\n\t\t\t\t\t<\/div>\n\t\t<\/div>\n\t\t\t\t<div class=\"elementor-column elementor-col-33 elementor-inner-column elementor-element elementor-element-78d18bdd\" data-id=\"78d18bdd\" data-element_type=\"column\">\n\t\t\t<div class=\"elementor-widget-wrap elementor-element-populated\">\n\t\t\t\t\t\t\t\t<div class=\"elementor-element elementor-element-2133e1ff elementor-widget elementor-widget-vlt-counter-up\" data-id=\"2133e1ff\" data-element_type=\"widget\" data-settings=\"{&quot;aos_animation_name&quot;:&quot;none&quot;}\" data-widget_type=\"vlt-counter-up.default\">\n\t\t\t\t<div class=\"elementor-widget-container\">\n\t\t\t\n\t\t<div class=\"vlt-counter-up\" data-animation-speed=\"2000\" data-delimiter=\",\">\n\n\t\t\t<div class=\"vlt-counter-up__number h1\">\n\n\t\t\t\t\n\t\t\t\t<span class=\"counter\">3200<\/span>\n\t\t\t\t\n\t\t\t<\/div>\n\n\t\t\t\t\t\t\t<h5 class=\"vlt-counter-up__title \">Naponta el\u00e9rt felhaszn\u00e1l\u00f3k<\/h5>\n\t\t\t\n\t\t<\/div>\n\n\t\t\t<\/div>\n\t\t\t\t<\/div>\n\t\t\t\t\t<\/div>\n\t\t<\/div>\n\t\t\t\t<div class=\"elementor-column elementor-col-33 elementor-inner-column elementor-element elementor-element-443aa7c1\" data-id=\"443aa7c1\" data-element_type=\"column\">\n\t\t\t<div class=\"elementor-widget-wrap elementor-element-populated\">\n\t\t\t\t\t\t\t\t<div class=\"elementor-element elementor-element-28ee1946 elementor-widget elementor-widget-vlt-counter-up\" data-id=\"28ee1946\" data-element_type=\"widget\" data-settings=\"{&quot;aos_animation_name&quot;:&quot;none&quot;}\" data-widget_type=\"vlt-counter-up.default\">\n\t\t\t\t<div class=\"elementor-widget-container\">\n\t\t\t\n\t\t<div class=\"vlt-counter-up\" data-animation-speed=\"2000\" data-delimiter=\",\">\n\n\t\t\t<div class=\"vlt-counter-up__number h1\">\n\n\t\t\t\t\n\t\t\t\t<span class=\"counter\">96000<\/span>\n\t\t\t\t\n\t\t\t<\/div>\n\n\t\t\t\t\t\t\t<h5 class=\"vlt-counter-up__title \">Havonta el\u00e9rt felhaszn\u00e1l\u00f3k<\/h5>\n\t\t\t\n\t\t<\/div>\n\n\t\t\t<\/div>\n\t\t\t\t<\/div>\n\t\t\t\t\t<\/div>\n\t\t<\/div>\n\t\t\t\t\t\t\t<\/div>\n\t\t<\/section>\n\t\t\t\t<div class=\"elementor-element elementor-element-37625433 elementor-widget elementor-widget-vlt-spacer\" data-id=\"37625433\" data-element_type=\"widget\" data-settings=\"{&quot;aos_animation_name&quot;:&quot;none&quot;}\" data-widget_type=\"vlt-spacer.default\">\n\t\t\t\t<div class=\"elementor-widget-container\">\n\t\t\t\n\t\t<div class=\"vlt-spacer\"><\/div>\n\n\t\t\t\t<\/div>\n\t\t\t\t<\/div>\n\t\t\t\t<div class=\"elementor-element elementor-element-6e452b6a elementor-widget elementor-widget-vlt-social-icons\" data-id=\"6e452b6a\" data-element_type=\"widget\" data-settings=\"{&quot;aos_animation_name&quot;:&quot;none&quot;}\" data-widget_type=\"vlt-social-icons.default\">\n\t\t\t\t<div class=\"elementor-widget-container\">\n\t\t\t<a class=\"vlt-social-icon vlt-social-icon--style-2\" href=\"https:\/\/www.facebook.com\/traveltozakopane\" target=\"_blank\"><i class=\"socicon-fw socicon-facebook\"><\/i><\/a><a class=\"vlt-social-icon vlt-social-icon--style-2\" href=\"https:\/\/www.instagram.com\/zakopane_travel\" target=\"_blank\"><i class=\"socicon-fw socicon-instagram\"><\/i><\/a>\t\t<\/div>\n\t\t\t\t<\/div>\n\t\t\t\t<div class=\"elementor-element elementor-element-768d1b4 elementor-widget elementor-widget-vlt-spacer\" data-id=\"768d1b4\" data-element_type=\"widget\" data-settings=\"{&quot;aos_animation_name&quot;:&quot;none&quot;}\" data-widget_type=\"vlt-spacer.default\">\n\t\t\t\t<div class=\"elementor-widget-container\">\n\t\t\t\n\t\t<div class=\"vlt-spacer\"><\/div>\n\n\t\t\t\t<\/div>\n\t\t\t\t<\/div>\n\t\t\t\t\t<\/div>\n\t\t<\/div>\n\t\t\t\t<div class=\"elementor-column elementor-col-50 elementor-top-column elementor-element elementor-element-e2bb9c0 has-stretch-block to-right\" data-id=\"e2bb9c0\" data-element_type=\"column\" data-settings=\"{&quot;background_background&quot;:&quot;classic&quot;}\">\n\t\t\t<div class=\"elementor-widget-wrap\">\n\t\t\t\t\t\t\t\t\t<\/div>\n\t\t<\/div>\n\t\t\t\t\t\t\t<\/div>\n\t\t<\/section>\n\t\t\t\t\t\t\t<\/div>\n\t\t","protected":false},"excerpt":{"rendered":"<p>Zakopanetravel.com \u00dcdv! Fedezd fel k\u00f6z\u00f6ss\u00e9gi oldalunkat Minden Zakopaner\u00f3l \u00e9s k\u00f6rny\u00e9k\u00e9r\u0151l sz\u00f3l. Ez a megfelel\u0151 hely a sz\u00e1modra, ha szereted a hegyeket, a finom t\u00e1jjelleg\u0171 \u00e9teleket, a friss leveg\u0151t, a fah\u00e1zakat, a term\u00e9szetet&#8230;. Fedezd fel a weboldalt, amelyet folyamatosan friss\u00edt\u00fcnk \u00faj \u00e9s hasznos inform\u00e1ci\u00f3kkal. K\u00f6z\u00f6ss\u00e9g\u00fcnk n\u00f6vekszik az Instagramon \u00e9s a Facebookon, l\u00e9gy r\u00e9szese. A sz\u00e1ll\u00e1shely- \u00e9s [&hellip;]<\/p>\n","protected":false},"author":3,"featured_media":0,"parent":0,"menu_order":0,"comment_status":"closed","ping_status":"closed","template":"template-custom-page.php","meta":{"_vp_format_video_url":"","_vp_image_focal_point":[]},"acf":[],"yoast_head":"<!-- This site is optimized with the Yoast SEO Premium plugin v19.0 (Yoast SEO v19.10) - https:\/\/yoast.com\/wordpress\/plugins\/seo\/ -->\n<title>R\u00f3lunk - Zakopanetravel.com<\/title>\n<meta name=\"description\" content=\"Sz\u00e1ll\u00e1shelyek, \u00e9ttermek, t\u00e9li programok, hasznos inform\u00e1ci\u00f3k Zakopaner\u00f3l. A sz\u00e1ll\u00e1sad\u00f3k regisztr\u00e1lhatj\u00e1k lak\u00e1saikat, h\u00e1zaikat.\" \/>\n<meta name=\"robots\" content=\"index, follow, max-snippet:-1, max-image-preview:large, max-video-preview:-1\" \/>\n<link rel=\"canonical\" href=\"https:\/\/www.zakopanetravel.com\/hu\/rolunk\/\" \/>\n<meta property=\"og:locale\" content=\"hu_HU\" \/>\n<meta property=\"og:type\" content=\"article\" \/>\n<meta property=\"og:title\" content=\"R\u00f3lunk\" \/>\n<meta property=\"og:description\" content=\"Sz\u00e1ll\u00e1shelyek, \u00e9ttermek, t\u00e9li programok, hasznos inform\u00e1ci\u00f3k Zakopaner\u00f3l. A sz\u00e1ll\u00e1sad\u00f3k regisztr\u00e1lhatj\u00e1k lak\u00e1saikat, h\u00e1zaikat.\" \/>\n<meta property=\"og:url\" content=\"https:\/\/www.zakopanetravel.com\/hu\/rolunk\/\" \/>\n<meta property=\"og:site_name\" content=\"Zakopanetravel.com\" \/>\n<meta property=\"article:modified_time\" content=\"2023-02-09T14:46:54+00:00\" \/>\n<meta name=\"twitter:card\" content=\"summary_large_image\" \/>\n<meta name=\"twitter:label1\" content=\"Becs\u00fclt olvas\u00e1si id\u0151\" \/>\n\t<meta name=\"twitter:data1\" content=\"1 perc\" \/>\n<script type=\"application\/ld+json\" class=\"yoast-schema-graph\">{\"@context\":\"https:\/\/schema.org\",\"@graph\":[{\"@type\":\"WebPage\",\"@id\":\"https:\/\/www.zakopanetravel.com\/hu\/rolunk\/\",\"url\":\"https:\/\/www.zakopanetravel.com\/hu\/rolunk\/\",\"name\":\"R\u00f3lunk - Zakopanetravel.com\",\"isPartOf\":{\"@id\":\"https:\/\/www.zakopanetravel.com\/#website\"},\"datePublished\":\"2022-09-28T07:51:27+00:00\",\"dateModified\":\"2023-02-09T14:46:54+00:00\",\"description\":\"Sz\u00e1ll\u00e1shelyek, \u00e9ttermek, t\u00e9li programok, hasznos inform\u00e1ci\u00f3k Zakopaner\u00f3l. A sz\u00e1ll\u00e1sad\u00f3k regisztr\u00e1lhatj\u00e1k lak\u00e1saikat, h\u00e1zaikat.\",\"breadcrumb\":{\"@id\":\"https:\/\/www.zakopanetravel.com\/hu\/rolunk\/#breadcrumb\"},\"inLanguage\":\"hu\",\"potentialAction\":[{\"@type\":\"ReadAction\",\"target\":[\"https:\/\/www.zakopanetravel.com\/hu\/rolunk\/\"]}]},{\"@type\":\"BreadcrumbList\",\"@id\":\"https:\/\/www.zakopanetravel.com\/hu\/rolunk\/#breadcrumb\",\"itemListElement\":[{\"@type\":\"ListItem\",\"position\":1,\"name\":\"Home\",\"item\":\"https:\/\/www.zakopanetravel.com\/hu\/\"},{\"@type\":\"ListItem\",\"position\":2,\"name\":\"R\u00f3lunk\"}]},{\"@type\":\"WebSite\",\"@id\":\"https:\/\/www.zakopanetravel.com\/#website\",\"url\":\"https:\/\/www.zakopanetravel.com\/\",\"name\":\"Zakopanetravel.com\",\"description\":\"Community\",\"potentialAction\":[{\"@type\":\"SearchAction\",\"target\":{\"@type\":\"EntryPoint\",\"urlTemplate\":\"https:\/\/www.zakopanetravel.com\/?s={search_term_string}\"},\"query-input\":\"required name=search_term_string\"}],\"inLanguage\":\"hu\"}]}<\/script>\n<!-- \/ Yoast SEO Premium plugin. -->","yoast_head_json":{"title":"R\u00f3lunk - Zakopanetravel.com","description":"Sz\u00e1ll\u00e1shelyek, \u00e9ttermek, t\u00e9li programok, hasznos inform\u00e1ci\u00f3k Zakopaner\u00f3l. A sz\u00e1ll\u00e1sad\u00f3k regisztr\u00e1lhatj\u00e1k lak\u00e1saikat, h\u00e1zaikat.","robots":{"index":"index","follow":"follow","max-snippet":"max-snippet:-1","max-image-preview":"max-image-preview:large","max-video-preview":"max-video-preview:-1"},"canonical":"https:\/\/www.zakopanetravel.com\/hu\/rolunk\/","og_locale":"hu_HU","og_type":"article","og_title":"R\u00f3lunk","og_description":"Sz\u00e1ll\u00e1shelyek, \u00e9ttermek, t\u00e9li programok, hasznos inform\u00e1ci\u00f3k Zakopaner\u00f3l. A sz\u00e1ll\u00e1sad\u00f3k regisztr\u00e1lhatj\u00e1k lak\u00e1saikat, h\u00e1zaikat.","og_url":"https:\/\/www.zakopanetravel.com\/hu\/rolunk\/","og_site_name":"Zakopanetravel.com","article_modified_time":"2023-02-09T14:46:54+00:00","twitter_card":"summary_large_image","twitter_misc":{"Becs\u00fclt olvas\u00e1si id\u0151":"1 perc"},"schema":{"@context":"https:\/\/schema.org","@graph":[{"@type":"WebPage","@id":"https:\/\/www.zakopanetravel.com\/hu\/rolunk\/","url":"https:\/\/www.zakopanetravel.com\/hu\/rolunk\/","name":"R\u00f3lunk - Zakopanetravel.com","isPartOf":{"@id":"https:\/\/www.zakopanetravel.com\/#website"},"datePublished":"2022-09-28T07:51:27+00:00","dateModified":"2023-02-09T14:46:54+00:00","description":"Sz\u00e1ll\u00e1shelyek, \u00e9ttermek, t\u00e9li programok, hasznos inform\u00e1ci\u00f3k Zakopaner\u00f3l. A sz\u00e1ll\u00e1sad\u00f3k regisztr\u00e1lhatj\u00e1k lak\u00e1saikat, h\u00e1zaikat.","breadcrumb":{"@id":"https:\/\/www.zakopanetravel.com\/hu\/rolunk\/#breadcrumb"},"inLanguage":"hu","potentialAction":[{"@type":"ReadAction","target":["https:\/\/www.zakopanetravel.com\/hu\/rolunk\/"]}]},{"@type":"BreadcrumbList","@id":"https:\/\/www.zakopanetravel.com\/hu\/rolunk\/#breadcrumb","itemListElement":[{"@type":"ListItem","position":1,"name":"Home","item":"https:\/\/www.zakopanetravel.com\/hu\/"},{"@type":"ListItem","position":2,"name":"R\u00f3lunk"}]},{"@type":"WebSite","@id":"https:\/\/www.zakopanetravel.com\/#website","url":"https:\/\/www.zakopanetravel.com\/","name":"Zakopanetravel.com","description":"Community","potentialAction":[{"@type":"SearchAction","target":{"@type":"EntryPoint","urlTemplate":"https:\/\/www.zakopanetravel.com\/?s={search_term_string}"},"query-input":"required name=search_term_string"}],"inLanguage":"hu"}]}},"_links":{"self":[{"href":"https:\/\/www.zakopanetravel.com\/hu\/wp-json\/wp\/v2\/pages\/13682"}],"collection":[{"href":"https:\/\/www.zakopanetravel.com\/hu\/wp-json\/wp\/v2\/pages"}],"about":[{"href":"https:\/\/www.zakopanetravel.com\/hu\/wp-json\/wp\/v2\/types\/page"}],"author":[{"embeddable":true,"href":"https:\/\/www.zakopanetravel.com\/hu\/wp-json\/wp\/v2\/users\/3"}],"replies":[{"embeddable":true,"href":"https:\/\/www.zakopanetravel.com\/hu\/wp-json\/wp\/v2\/comments?post=13682"}],"version-history":[{"count":27,"href":"https:\/\/www.zakopanetravel.com\/hu\/wp-json\/wp\/v2\/pages\/13682\/revisions"}],"predecessor-version":[{"id":19533,"href":"https:\/\/www.zakopanetravel.com\/hu\/wp-json\/wp\/v2\/pages\/13682\/revisions\/19533"}],"wp:attachment":[{"href":"https:\/\/www.zakopanetravel.com\/hu\/wp-json\/wp\/v2\/media?parent=13682"}],"curies":[{"name":"wp","href":"https:\/\/api.w.org\/{rel}","templated":true}]}}