{"id":248,"date":"2022-09-11T21:32:29","date_gmt":"2022-09-11T19:32:29","guid":{"rendered":"https:\/\/www.zakopanetravel.com\/checkout-2\/"},"modified":"2022-09-20T15:15:13","modified_gmt":"2022-09-20T13:15:13","slug":"my-account","status":"publish","type":"page","link":"https:\/\/www.zakopanetravel.com\/hu\/my-account\/","title":{"rendered":"My Account"},"content":{"rendered":"\t\t<div data-elementor-type=\"wp-page\" data-elementor-id=\"248\" class=\"elementor elementor-248\">\n\t\t\t\t\t\t\t\t\t<section class=\"elementor-section elementor-top-section elementor-element elementor-element-6317cb94 elementor-section-full_width has-navbar-offset stax-condition-yes stax-user_role_enabled-yes elementor-section-height-default elementor-section-height-default\" data-id=\"6317cb94\" data-element_type=\"section\">\n\t\t\t\t\t\t<div class=\"elementor-container elementor-column-gap-no\">\n\t\t\t\t\t<div class=\"elementor-column elementor-col-100 elementor-top-column elementor-element elementor-element-769c0ffb\" data-id=\"769c0ffb\" data-element_type=\"column\">\n\t\t\t<div class=\"elementor-widget-wrap elementor-element-populated\">\n\t\t\t\t\t\t\t\t<div class=\"elementor-element elementor-element-5aa18983 elementor-widget elementor-widget-vlt-page-title\" data-id=\"5aa18983\" data-element_type=\"widget\" data-settings=\"{&quot;aos_animation_name&quot;:&quot;none&quot;}\" data-widget_type=\"vlt-page-title.default\">\n\t\t\t\t<div class=\"elementor-widget-container\">\n\t\t\t\n\t\t<div class=\"vlt-page-title vlt-page-title--5aa18983 vlt-page-title--style-3 jarallax\">\n\n\t\t\t<img width=\"3782\" height=\"2532\" src=\"https:\/\/www.zakopanetravel.com\/assets\/uploads\/other\/hello-i-m-nik-magpyhro0aa-unsplash.jpg\" class=\"jarallax-img attachment-full size-full\" alt=\"\" loading=\"lazy\" srcset=\"https:\/\/www.zakopanetravel.com\/assets\/uploads\/other\/hello-i-m-nik-magpyhro0aa-unsplash.jpg 3782w, https:\/\/www.zakopanetravel.com\/assets\/uploads\/other\/hello-i-m-nik-magpyhro0aa-unsplash-300x201.jpg 300w, https:\/\/www.zakopanetravel.com\/assets\/uploads\/other\/hello-i-m-nik-magpyhro0aa-unsplash-1024x686.jpg 1024w, https:\/\/www.zakopanetravel.com\/assets\/uploads\/other\/hello-i-m-nik-magpyhro0aa-unsplash-768x514.jpg 768w, https:\/\/www.zakopanetravel.com\/assets\/uploads\/other\/hello-i-m-nik-magpyhro0aa-unsplash-1536x1028.jpg 1536w, https:\/\/www.zakopanetravel.com\/assets\/uploads\/other\/hello-i-m-nik-magpyhro0aa-unsplash-2048x1371.jpg 2048w, https:\/\/www.zakopanetravel.com\/assets\/uploads\/other\/hello-i-m-nik-magpyhro0aa-unsplash-500x335.jpg 500w, https:\/\/www.zakopanetravel.com\/assets\/uploads\/other\/hello-i-m-nik-magpyhro0aa-unsplash-800x536.jpg 800w, https:\/\/www.zakopanetravel.com\/assets\/uploads\/other\/hello-i-m-nik-magpyhro0aa-unsplash-1280x857.jpg 1280w, https:\/\/www.zakopanetravel.com\/assets\/uploads\/other\/hello-i-m-nik-magpyhro0aa-unsplash-1920x1285.jpg 1920w, https:\/\/www.zakopanetravel.com\/assets\/uploads\/other\/hello-i-m-nik-magpyhro0aa-unsplash-700x469.jpg 700w\" sizes=\"(max-width: 3782px) 100vw, 3782px\" \/><div class=\"vlt-page-title__overlay\"><\/div><a href=\"#5aa18983\" class=\"vlt-page-title__scroll-to vlt-scroll-to\"><i class=\"fa-regular fa-fw fa-angle-down\"><\/i><\/a><div class=\"container lax\" data-lax-translate-y=\"0 0, (-elh*2) elh\" data-lax-opacity=\"0 1, (-elh*2) 0\" data-lax-anchor=\".vlt-page-title--5aa18983\"><h1 class=\"vlt-page-title__title\"\">Membership Access<\/h1><p class=\"vlt-page-title__subtitle\">Log-in or Register  (Accommodation Providers and Service Providers Only )<\/p><\/div>\n\t\t<\/div>\n\n\t\t<div id=\"5aa18983\"><\/div>\n\n\t\t\t\t<\/div>\n\t\t\t\t<\/div>\n\t\t\t\t\t<\/div>\n\t\t<\/div>\n\t\t\t\t\t\t\t<\/div>\n\t\t<\/section>\n\t\t\t\t<section class=\"elementor-section elementor-top-section elementor-element elementor-element-247bee4a elementor-section-boxed elementor-section-height-default elementor-section-height-default\" data-id=\"247bee4a\" data-element_type=\"section\">\n\t\t\t\t\t\t<div class=\"elementor-container elementor-column-gap-extended\">\n\t\t\t\t\t<div class=\"elementor-column elementor-col-100 elementor-top-column elementor-element elementor-element-65ccaece\" data-id=\"65ccaece\" data-element_type=\"column\">\n\t\t\t<div class=\"elementor-widget-wrap elementor-element-populated\">\n\t\t\t\t\t\t\t\t<div data-aos=\"custom\" data-aos-once=\"true\" class=\"elementor-element elementor-element-145a8ad7 elementor-widget elementor-widget-shortcode\" data-id=\"145a8ad7\" data-element_type=\"widget\" data-settings=\"{&quot;aos_animation_name&quot;:&quot;custom&quot;}\" data-widget_type=\"shortcode.default\">\n\t\t\t\t<div class=\"elementor-widget-container\">\n\t\t\t\t\t<div class=\"elementor-shortcode\"><div class=\"woocommerce\"><\/div><\/div>\n\t\t\t\t<\/div>\n\t\t\t\t<\/div>\n\t\t\t\t\t<\/div>\n\t\t<\/div>\n\t\t\t\t\t\t\t<\/div>\n\t\t<\/section>\n\t\t\t\t\t\t\t<\/div>\n\t\t","protected":false},"excerpt":{"rendered":"<p>Log-in or Register (Accommodation Providers and Service Providers Only )<\/p>\n","protected":false},"author":1,"featured_media":0,"parent":0,"menu_order":0,"comment_status":"closed","ping_status":"closed","template":"template-woocommerce-page.php","meta":{"_vp_format_video_url":"","_vp_image_focal_point":[]},"acf":[],"yoast_head":"<!-- This site is optimized with the Yoast SEO Premium plugin v19.0 (Yoast SEO v19.10) - https:\/\/yoast.com\/wordpress\/plugins\/seo\/ -->\n<title>My Account - Zakopanetravel.com<\/title>\n<meta name=\"description\" content=\"Register your property, check your membership status, see all products read the FAQ and visit our service page.\" \/>\n<meta name=\"robots\" content=\"index, follow, max-snippet:-1, max-image-preview:large, max-video-preview:-1\" \/>\n<link rel=\"canonical\" href=\"https:\/\/www.zakopanetravel.com\/my-account\/\" \/>\n<meta property=\"og:locale\" content=\"hu_HU\" \/>\n<meta property=\"og:type\" content=\"article\" \/>\n<meta property=\"og:title\" content=\"My Account\" \/>\n<meta property=\"og:description\" content=\"Register your property, check your membership status, see all products read the FAQ and visit our service page.\" \/>\n<meta property=\"og:url\" content=\"https:\/\/www.zakopanetravel.com\/my-account\/\" \/>\n<meta property=\"og:site_name\" content=\"Zakopanetravel.com\" \/>\n<meta property=\"article:modified_time\" content=\"2022-09-20T13:15:13+00:00\" \/>\n<meta property=\"og:image\" content=\"https:\/\/www.zakopanetravel.com\/assets\/uploads\/other\/hello-i-m-nik-magpyhro0aa-unsplash.jpg\" \/>\n<meta name=\"twitter:card\" content=\"summary_large_image\" \/>\n<meta name=\"twitter:label1\" content=\"Becs\u00fclt olvas\u00e1si id\u0151\" \/>\n\t<meta name=\"twitter:data1\" content=\"1 perc\" \/>\n<script type=\"application\/ld+json\" class=\"yoast-schema-graph\">{\"@context\":\"https:\/\/schema.org\",\"@graph\":[{\"@type\":\"WebPage\",\"@id\":\"https:\/\/www.zakopanetravel.com\/my-account\/\",\"url\":\"https:\/\/www.zakopanetravel.com\/my-account\/\",\"name\":\"My Account - Zakopanetravel.com\",\"isPartOf\":{\"@id\":\"https:\/\/www.zakopanetravel.com\/#website\"},\"datePublished\":\"2022-09-11T19:32:29+00:00\",\"dateModified\":\"2022-09-20T13:15:13+00:00\",\"description\":\"Register your property, check your membership status, see all products read the FAQ and visit our service page.\",\"breadcrumb\":{\"@id\":\"https:\/\/www.zakopanetravel.com\/my-account\/#breadcrumb\"},\"inLanguage\":\"hu\",\"potentialAction\":[{\"@type\":\"ReadAction\",\"target\":[\"https:\/\/www.zakopanetravel.com\/my-account\/\"]}]},{\"@type\":\"BreadcrumbList\",\"@id\":\"https:\/\/www.zakopanetravel.com\/my-account\/#breadcrumb\",\"itemListElement\":[{\"@type\":\"ListItem\",\"position\":1,\"name\":\"Home\",\"item\":\"https:\/\/www.zakopanetravel.com\/hu\/\"},{\"@type\":\"ListItem\",\"position\":2,\"name\":\"My Account\"}]},{\"@type\":\"WebSite\",\"@id\":\"https:\/\/www.zakopanetravel.com\/#website\",\"url\":\"https:\/\/www.zakopanetravel.com\/\",\"name\":\"Zakopanetravel.com\",\"description\":\"Community\",\"potentialAction\":[{\"@type\":\"SearchAction\",\"target\":{\"@type\":\"EntryPoint\",\"urlTemplate\":\"https:\/\/www.zakopanetravel.com\/?s={search_term_string}\"},\"query-input\":\"required name=search_term_string\"}],\"inLanguage\":\"hu\"}]}<\/script>\n<!-- \/ Yoast SEO Premium plugin. -->","yoast_head_json":{"title":"My Account - Zakopanetravel.com","description":"Register your property, check your membership status, see all products read the FAQ and visit our service page.","robots":{"index":"index","follow":"follow","max-snippet":"max-snippet:-1","max-image-preview":"max-image-preview:large","max-video-preview":"max-video-preview:-1"},"canonical":"https:\/\/www.zakopanetravel.com\/my-account\/","og_locale":"hu_HU","og_type":"article","og_title":"My Account","og_description":"Register your property, check your membership status, see all products read the FAQ and visit our service page.","og_url":"https:\/\/www.zakopanetravel.com\/my-account\/","og_site_name":"Zakopanetravel.com","article_modified_time":"2022-09-20T13:15:13+00:00","og_image":[{"url":"https:\/\/www.zakopanetravel.com\/assets\/uploads\/other\/hello-i-m-nik-magpyhro0aa-unsplash.jpg"}],"twitter_card":"summary_large_image","twitter_misc":{"Becs\u00fclt olvas\u00e1si id\u0151":"1 perc"},"schema":{"@context":"https:\/\/schema.org","@graph":[{"@type":"WebPage","@id":"https:\/\/www.zakopanetravel.com\/my-account\/","url":"https:\/\/www.zakopanetravel.com\/my-account\/","name":"My Account - Zakopanetravel.com","isPartOf":{"@id":"https:\/\/www.zakopanetravel.com\/#website"},"datePublished":"2022-09-11T19:32:29+00:00","dateModified":"2022-09-20T13:15:13+00:00","description":"Register your property, check your membership status, see all products read the FAQ and visit our service page.","breadcrumb":{"@id":"https:\/\/www.zakopanetravel.com\/my-account\/#breadcrumb"},"inLanguage":"hu","potentialAction":[{"@type":"ReadAction","target":["https:\/\/www.zakopanetravel.com\/my-account\/"]}]},{"@type":"BreadcrumbList","@id":"https:\/\/www.zakopanetravel.com\/my-account\/#breadcrumb","itemListElement":[{"@type":"ListItem","position":1,"name":"Home","item":"https:\/\/www.zakopanetravel.com\/hu\/"},{"@type":"ListItem","position":2,"name":"My Account"}]},{"@type":"WebSite","@id":"https:\/\/www.zakopanetravel.com\/#website","url":"https:\/\/www.zakopanetravel.com\/","name":"Zakopanetravel.com","description":"Community","potentialAction":[{"@type":"SearchAction","target":{"@type":"EntryPoint","urlTemplate":"https:\/\/www.zakopanetravel.com\/?s={search_term_string}"},"query-input":"required name=search_term_string"}],"inLanguage":"hu"}]}},"_links":{"self":[{"href":"https:\/\/www.zakopanetravel.com\/hu\/wp-json\/wp\/v2\/pages\/248"}],"collection":[{"href":"https:\/\/www.zakopanetravel.com\/hu\/wp-json\/wp\/v2\/pages"}],"about":[{"href":"https:\/\/www.zakopanetravel.com\/hu\/wp-json\/wp\/v2\/types\/page"}],"author":[{"embeddable":true,"href":"https:\/\/www.zakopanetravel.com\/hu\/wp-json\/wp\/v2\/users\/1"}],"replies":[{"embeddable":true,"href":"https:\/\/www.zakopanetravel.com\/hu\/wp-json\/wp\/v2\/comments?post=248"}],"version-history":[{"count":36,"href":"https:\/\/www.zakopanetravel.com\/hu\/wp-json\/wp\/v2\/pages\/248\/revisions"}],"predecessor-version":[{"id":11782,"href":"https:\/\/www.zakopanetravel.com\/hu\/wp-json\/wp\/v2\/pages\/248\/revisions\/11782"}],"wp:attachment":[{"href":"https:\/\/www.zakopanetravel.com\/hu\/wp-json\/wp\/v2\/media?parent=248"}],"curies":[{"name":"wp","href":"https:\/\/api.w.org\/{rel}","templated":true}]}}