{"id":13680,"date":"2022-09-28T09:47:51","date_gmt":"2022-09-28T07:47:51","guid":{"rendered":"https:\/\/www.zakopanetravel.com\/o-nas\/"},"modified":"2023-02-09T14:25:14","modified_gmt":"2023-02-09T12:25:14","slug":"o-nas","status":"publish","type":"page","link":"https:\/\/www.zakopanetravel.com\/pl\/o-nas\/","title":{"rendered":"O nas"},"content":{"rendered":"\t\t<div data-elementor-type=\"wp-page\" data-elementor-id=\"13680\" class=\"elementor elementor-13680 elementor-121\">\n\t\t\t\t\t\t\t\t\t<section class=\"elementor-section elementor-top-section elementor-element elementor-element-5770a09 has-vertical-lines elementor-reverse-tablet elementor-reverse-mobile elementor-section-boxed elementor-section-height-default elementor-section-height-default\" data-id=\"5770a09\" data-element_type=\"section\" data-settings=\"{&quot;background_background&quot;:&quot;classic&quot;}\">\n\t\t\t\t\t\t<div class=\"elementor-container elementor-column-gap-extended\">\n\t\t\t\t\t<div class=\"elementor-column elementor-col-50 elementor-top-column elementor-element elementor-element-305d1b3a\" data-id=\"305d1b3a\" data-element_type=\"column\">\n\t\t\t<div class=\"elementor-widget-wrap elementor-element-populated\">\n\t\t\t\t\t\t\t\t<div class=\"elementor-element elementor-element-1dc2e0de elementor-widget elementor-widget-vlt-spacer\" data-id=\"1dc2e0de\" data-element_type=\"widget\" data-settings=\"{&quot;aos_animation_name&quot;:&quot;none&quot;}\" data-widget_type=\"vlt-spacer.default\">\n\t\t\t\t<div class=\"elementor-widget-container\">\n\t\t\t\n\t\t<div class=\"vlt-spacer\"><\/div>\n\n\t\t\t\t<\/div>\n\t\t\t\t<\/div>\n\t\t\t\t<div class=\"elementor-element elementor-element-6aff3a3 has-color-shade-2 elementor-widget elementor-widget-vlt-heading\" data-id=\"6aff3a3\" data-element_type=\"widget\" data-settings=\"{&quot;aos_animation_name&quot;:&quot;none&quot;}\" data-widget_type=\"vlt-heading.default\">\n\t\t\t\t<div class=\"elementor-widget-container\">\n\t\t\t\n\t\t<div class=\"vlt-heading\">\n\n\t\t\t\n\t\t\t\t\t\t\tZakopanetravel.com\t\t\t\n\t\t\t\n\t\t<\/div>\n\n\t\t\t<\/div>\n\t\t\t\t<\/div>\n\t\t\t\t<div class=\"elementor-element elementor-element-42a925d5 elementor-widget elementor-widget-vlt-spacer\" data-id=\"42a925d5\" data-element_type=\"widget\" data-settings=\"{&quot;aos_animation_name&quot;:&quot;none&quot;}\" data-widget_type=\"vlt-spacer.default\">\n\t\t\t\t<div class=\"elementor-widget-container\">\n\t\t\t\n\t\t<div class=\"vlt-spacer\"><\/div>\n\n\t\t\t\t<\/div>\n\t\t\t\t<\/div>\n\t\t\t\t<div class=\"elementor-element elementor-element-55c897c9 elementor-widget elementor-widget-vlt-heading\" data-id=\"55c897c9\" data-element_type=\"widget\" data-settings=\"{&quot;aos_animation_name&quot;:&quot;none&quot;}\" data-widget_type=\"vlt-heading.default\">\n\t\t\t\t<div class=\"elementor-widget-container\">\n\t\t\t\n\t\t<h1 class=\"vlt-heading h2\">\n\n\t\t\t\n\t\t\t\t\t\t\tCze\u015b\u0107! Poznaj nasz\u0105 witryn\u0119 spo\u0142eczno\u015bci\t\t\t\n\t\t\t\n\t\t<\/h1>\n\n\t\t\t<\/div>\n\t\t\t\t<\/div>\n\t\t\t\t<div class=\"elementor-element elementor-element-74f8cf2 elementor-widget elementor-widget-vlt-spacer\" data-id=\"74f8cf2\" data-element_type=\"widget\" data-settings=\"{&quot;aos_animation_name&quot;:&quot;none&quot;}\" data-widget_type=\"vlt-spacer.default\">\n\t\t\t\t<div class=\"elementor-widget-container\">\n\t\t\t\n\t\t<div class=\"vlt-spacer\"><\/div>\n\n\t\t\t\t<\/div>\n\t\t\t\t<\/div>\n\t\t\t\t<div class=\"elementor-element elementor-element-5e8556e6 elementor-widget elementor-widget-text-editor\" data-id=\"5e8556e6\" data-element_type=\"widget\" data-settings=\"{&quot;aos_animation_name&quot;:&quot;none&quot;}\" data-widget_type=\"text-editor.default\">\n\t\t\t\t<div class=\"elementor-widget-container\">\n\t\t\t<style>\/*! elementor - v3.8.1 - 13-11-2022 *\/\n.elementor-widget-text-editor.elementor-drop-cap-view-stacked .elementor-drop-cap{background-color:#818a91;color:#fff}.elementor-widget-text-editor.elementor-drop-cap-view-framed .elementor-drop-cap{color:#818a91;border:3px solid;background-color:transparent}.elementor-widget-text-editor:not(.elementor-drop-cap-view-default) .elementor-drop-cap{margin-top:8px}.elementor-widget-text-editor:not(.elementor-drop-cap-view-default) .elementor-drop-cap-letter{width:1em;height:1em}.elementor-widget-text-editor .elementor-drop-cap{float:left;text-align:center;line-height:1;font-size:50px}.elementor-widget-text-editor .elementor-drop-cap-letter{display:inline-block}<\/style>\t\t\t\tChodzi o Zakopane i s\u0105siada. To odpowiednie miejsce dla Ciebie, je\u015bli kochasz g\u00f3ry, pyszne regionalne potrawy, \u015bwie\u017ce powietrze, relaksuj\u0105ce drewniane domy, przyrod\u0119&#8230;. Przegl\u0105daj stron\u0119 internetow\u0105, kt\u00f3r\u0105 stale aktualizujemy o nowe i przydatne informacje.\r\n\r\nNasza spo\u0142eczno\u015b\u0107 ro\u015bnie na Instagramie i Facebooku, b\u0105d\u017a jej cz\u0119\u015bci\u0105.\r\n\r\nDostawcy nocleg\u00f3w i restauracji, w\u0142a\u015bciciele mog\u0105 rejestrowa\u0107 swoje nieruchomo\u015bci i udost\u0119pnia\u0107 wszystkie przydatne informacje na stronie internetowej.\r\n\r\nTo bardzo m\u0142oda spo\u0142eczno\u015b\u0107, pod\u0105\u017caj za nami. Podziel si\u0119 swoim do\u015bwiadczeniem za po\u015brednictwem naszej strony na Facebooku lub Instagramie.\t\t\t\t\t\t<\/div>\n\t\t\t\t<\/div>\n\t\t\t\t<div class=\"elementor-element elementor-element-759a6910 elementor-widget elementor-widget-vlt-spacer\" data-id=\"759a6910\" data-element_type=\"widget\" data-settings=\"{&quot;aos_animation_name&quot;:&quot;none&quot;}\" data-widget_type=\"vlt-spacer.default\">\n\t\t\t\t<div class=\"elementor-widget-container\">\n\t\t\t\n\t\t<div class=\"vlt-spacer\"><\/div>\n\n\t\t\t\t<\/div>\n\t\t\t\t<\/div>\n\t\t\t\t<section class=\"elementor-section elementor-inner-section elementor-element elementor-element-6a5844b5 elementor-section-full_width elementor-section-height-default elementor-section-height-default\" data-id=\"6a5844b5\" data-element_type=\"section\">\n\t\t\t\t\t\t<div class=\"elementor-container elementor-column-gap-no\">\n\t\t\t\t\t<div class=\"elementor-column elementor-col-33 elementor-inner-column elementor-element elementor-element-60b35b47\" data-id=\"60b35b47\" data-element_type=\"column\">\n\t\t\t<div class=\"elementor-widget-wrap elementor-element-populated\">\n\t\t\t\t\t\t\t\t<div class=\"elementor-element elementor-element-3d93772b elementor-widget elementor-widget-vlt-counter-up\" data-id=\"3d93772b\" data-element_type=\"widget\" data-settings=\"{&quot;aos_animation_name&quot;:&quot;none&quot;}\" data-widget_type=\"vlt-counter-up.default\">\n\t\t\t\t<div class=\"elementor-widget-container\">\n\t\t\t\n\t\t<div class=\"vlt-counter-up\" data-animation-speed=\"2000\" data-delimiter=\",\">\n\n\t\t\t<div class=\"vlt-counter-up__number h1\">\n\n\t\t\t\t\n\t\t\t\t<span class=\"counter\">7295<\/span>\n\t\t\t\t\n\t\t\t<\/div>\n\n\t\t\t\t\t\t\t<h6 class=\"vlt-counter-up__title \">OBSERWUJ\u0104CYCH NA INSTAGRAMIE + FACEBOOKU<\/h6>\n\t\t\t\n\t\t<\/div>\n\n\t\t\t<\/div>\n\t\t\t\t<\/div>\n\t\t\t\t\t<\/div>\n\t\t<\/div>\n\t\t\t\t<div class=\"elementor-column elementor-col-33 elementor-inner-column elementor-element elementor-element-78d18bdd\" data-id=\"78d18bdd\" data-element_type=\"column\">\n\t\t\t<div class=\"elementor-widget-wrap elementor-element-populated\">\n\t\t\t\t\t\t\t\t<div class=\"elementor-element elementor-element-2133e1ff elementor-widget elementor-widget-vlt-counter-up\" data-id=\"2133e1ff\" data-element_type=\"widget\" data-settings=\"{&quot;aos_animation_name&quot;:&quot;none&quot;}\" data-widget_type=\"vlt-counter-up.default\">\n\t\t\t\t<div class=\"elementor-widget-container\">\n\t\t\t\n\t\t<div class=\"vlt-counter-up\" data-animation-speed=\"2000\" data-delimiter=\",\">\n\n\t\t\t<div class=\"vlt-counter-up__number h1\">\n\n\t\t\t\t\n\t\t\t\t<span class=\"counter\">3200<\/span>\n\t\t\t\t\n\t\t\t<\/div>\n\n\t\t\t\t\t\t\t<h6 class=\"vlt-counter-up__title \">KONTA OSI\u0104GNI\u0118TE CODZIENNIE<\/h6>\n\t\t\t\n\t\t<\/div>\n\n\t\t\t<\/div>\n\t\t\t\t<\/div>\n\t\t\t\t\t<\/div>\n\t\t<\/div>\n\t\t\t\t<div class=\"elementor-column elementor-col-33 elementor-inner-column elementor-element elementor-element-443aa7c1\" data-id=\"443aa7c1\" data-element_type=\"column\">\n\t\t\t<div class=\"elementor-widget-wrap elementor-element-populated\">\n\t\t\t\t\t\t\t\t<div class=\"elementor-element elementor-element-28ee1946 elementor-widget elementor-widget-vlt-counter-up\" data-id=\"28ee1946\" data-element_type=\"widget\" data-settings=\"{&quot;aos_animation_name&quot;:&quot;none&quot;}\" data-widget_type=\"vlt-counter-up.default\">\n\t\t\t\t<div class=\"elementor-widget-container\">\n\t\t\t\n\t\t<div class=\"vlt-counter-up\" data-animation-speed=\"2000\" data-delimiter=\",\">\n\n\t\t\t<div class=\"vlt-counter-up__number h1\">\n\n\t\t\t\t\n\t\t\t\t<span class=\"counter\">96000<\/span>\n\t\t\t\t\n\t\t\t<\/div>\n\n\t\t\t\t\t\t\t<h6 class=\"vlt-counter-up__title \">ACCOUNTS REACHED MOUNTHLY<\/h6>\n\t\t\t\n\t\t<\/div>\n\n\t\t\t<\/div>\n\t\t\t\t<\/div>\n\t\t\t\t\t<\/div>\n\t\t<\/div>\n\t\t\t\t\t\t\t<\/div>\n\t\t<\/section>\n\t\t\t\t<div class=\"elementor-element elementor-element-37625433 elementor-widget elementor-widget-vlt-spacer\" data-id=\"37625433\" data-element_type=\"widget\" data-settings=\"{&quot;aos_animation_name&quot;:&quot;none&quot;}\" data-widget_type=\"vlt-spacer.default\">\n\t\t\t\t<div class=\"elementor-widget-container\">\n\t\t\t\n\t\t<div class=\"vlt-spacer\"><\/div>\n\n\t\t\t\t<\/div>\n\t\t\t\t<\/div>\n\t\t\t\t<div class=\"elementor-element elementor-element-6e452b6a elementor-widget elementor-widget-vlt-social-icons\" data-id=\"6e452b6a\" data-element_type=\"widget\" data-settings=\"{&quot;aos_animation_name&quot;:&quot;none&quot;}\" data-widget_type=\"vlt-social-icons.default\">\n\t\t\t\t<div class=\"elementor-widget-container\">\n\t\t\t<a class=\"vlt-social-icon vlt-social-icon--style-2\" href=\"https:\/\/www.facebook.com\/traveltozakopane\" target=\"_blank\"><i class=\"socicon-fw socicon-facebook\"><\/i><\/a><a class=\"vlt-social-icon vlt-social-icon--style-2\" href=\"https:\/\/www.instagram.com\/zakopane_travel\" target=\"_blank\"><i class=\"socicon-fw socicon-instagram\"><\/i><\/a>\t\t<\/div>\n\t\t\t\t<\/div>\n\t\t\t\t<div class=\"elementor-element elementor-element-768d1b4 elementor-widget elementor-widget-vlt-spacer\" data-id=\"768d1b4\" data-element_type=\"widget\" data-settings=\"{&quot;aos_animation_name&quot;:&quot;none&quot;}\" data-widget_type=\"vlt-spacer.default\">\n\t\t\t\t<div class=\"elementor-widget-container\">\n\t\t\t\n\t\t<div class=\"vlt-spacer\"><\/div>\n\n\t\t\t\t<\/div>\n\t\t\t\t<\/div>\n\t\t\t\t\t<\/div>\n\t\t<\/div>\n\t\t\t\t<div class=\"elementor-column elementor-col-50 elementor-top-column elementor-element elementor-element-e2bb9c0 has-stretch-block to-right\" data-id=\"e2bb9c0\" data-element_type=\"column\" data-settings=\"{&quot;background_background&quot;:&quot;classic&quot;}\">\n\t\t\t<div class=\"elementor-widget-wrap\">\n\t\t\t\t\t\t\t\t\t<\/div>\n\t\t<\/div>\n\t\t\t\t\t\t\t<\/div>\n\t\t<\/section>\n\t\t\t\t\t\t\t<\/div>\n\t\t","protected":false},"excerpt":{"rendered":"<p>Zakopanetravel.com Cze\u015b\u0107! Poznaj nasz\u0105 witryn\u0119 spo\u0142eczno\u015bci Chodzi o Zakopane i s\u0105siada. To odpowiednie miejsce dla Ciebie, je\u015bli kochasz g\u00f3ry, pyszne regionalne potrawy, \u015bwie\u017ce powietrze, relaksuj\u0105ce drewniane domy, przyrod\u0119&#8230;. Przegl\u0105daj stron\u0119 internetow\u0105, kt\u00f3r\u0105 stale aktualizujemy o nowe i przydatne informacje. Nasza spo\u0142eczno\u015b\u0107 ro\u015bnie na Instagramie i Facebooku, b\u0105d\u017a jej cz\u0119\u015bci\u0105. Dostawcy nocleg\u00f3w i restauracji, w\u0142a\u015bciciele mog\u0105 [&hellip;]<\/p>\n","protected":false},"author":3,"featured_media":0,"parent":0,"menu_order":0,"comment_status":"closed","ping_status":"closed","template":"template-custom-page.php","meta":{"_vp_format_video_url":"","_vp_image_focal_point":[]},"acf":[],"yoast_head":"<!-- This site is optimized with the Yoast SEO Premium plugin v19.0 (Yoast SEO v19.10) - https:\/\/yoast.com\/wordpress\/plugins\/seo\/ -->\n<title>O nas - Zakopanetravel.com<\/title>\n<meta name=\"description\" content=\"Noclegi, restauracje, zaj\u0119cia zimowe, przydatne informacje o Zakopanem. W\u0142a\u015bciciele nieruchomo\u015bci mog\u0105 zameldowa\u0107 swoje mieszkania, domy.\" \/>\n<meta name=\"robots\" content=\"index, follow, max-snippet:-1, max-image-preview:large, max-video-preview:-1\" \/>\n<link rel=\"canonical\" href=\"https:\/\/www.zakopanetravel.com\/pl\/o-nas\/\" \/>\n<meta property=\"og:locale\" content=\"pl_PL\" \/>\n<meta property=\"og:type\" content=\"article\" \/>\n<meta property=\"og:title\" content=\"O nas\" \/>\n<meta property=\"og:description\" content=\"Noclegi, restauracje, zaj\u0119cia zimowe, przydatne informacje o Zakopanem. W\u0142a\u015bciciele nieruchomo\u015bci mog\u0105 zameldowa\u0107 swoje mieszkania, domy.\" \/>\n<meta property=\"og:url\" content=\"https:\/\/www.zakopanetravel.com\/pl\/o-nas\/\" \/>\n<meta property=\"og:site_name\" content=\"Zakopanetravel.com\" \/>\n<meta property=\"article:modified_time\" content=\"2023-02-09T12:25:14+00:00\" \/>\n<meta name=\"twitter:card\" content=\"summary_large_image\" \/>\n<meta name=\"twitter:label1\" content=\"Szacowany czas czytania\" \/>\n\t<meta name=\"twitter:data1\" content=\"1 minuta\" \/>\n<script type=\"application\/ld+json\" class=\"yoast-schema-graph\">{\"@context\":\"https:\/\/schema.org\",\"@graph\":[{\"@type\":\"WebPage\",\"@id\":\"https:\/\/www.zakopanetravel.com\/pl\/o-nas\/\",\"url\":\"https:\/\/www.zakopanetravel.com\/pl\/o-nas\/\",\"name\":\"O nas - Zakopanetravel.com\",\"isPartOf\":{\"@id\":\"https:\/\/www.zakopanetravel.com\/#website\"},\"datePublished\":\"2022-09-28T07:47:51+00:00\",\"dateModified\":\"2023-02-09T12:25:14+00:00\",\"description\":\"Noclegi, restauracje, zaj\u0119cia zimowe, przydatne informacje o Zakopanem. W\u0142a\u015bciciele nieruchomo\u015bci mog\u0105 zameldowa\u0107 swoje mieszkania, domy.\",\"breadcrumb\":{\"@id\":\"https:\/\/www.zakopanetravel.com\/pl\/o-nas\/#breadcrumb\"},\"inLanguage\":\"pl-PL\",\"potentialAction\":[{\"@type\":\"ReadAction\",\"target\":[\"https:\/\/www.zakopanetravel.com\/pl\/o-nas\/\"]}]},{\"@type\":\"BreadcrumbList\",\"@id\":\"https:\/\/www.zakopanetravel.com\/pl\/o-nas\/#breadcrumb\",\"itemListElement\":[{\"@type\":\"ListItem\",\"position\":1,\"name\":\"Home\",\"item\":\"https:\/\/www.zakopanetravel.com\/pl\/\"},{\"@type\":\"ListItem\",\"position\":2,\"name\":\"O nas\"}]},{\"@type\":\"WebSite\",\"@id\":\"https:\/\/www.zakopanetravel.com\/#website\",\"url\":\"https:\/\/www.zakopanetravel.com\/\",\"name\":\"Zakopanetravel.com\",\"description\":\"Wsp\u00f3lnota\",\"potentialAction\":[{\"@type\":\"SearchAction\",\"target\":{\"@type\":\"EntryPoint\",\"urlTemplate\":\"https:\/\/www.zakopanetravel.com\/?s={search_term_string}\"},\"query-input\":\"required name=search_term_string\"}],\"inLanguage\":\"pl-PL\"}]}<\/script>\n<!-- \/ Yoast SEO Premium plugin. -->","yoast_head_json":{"title":"O nas - Zakopanetravel.com","description":"Noclegi, restauracje, zaj\u0119cia zimowe, przydatne informacje o Zakopanem. W\u0142a\u015bciciele nieruchomo\u015bci mog\u0105 zameldowa\u0107 swoje mieszkania, domy.","robots":{"index":"index","follow":"follow","max-snippet":"max-snippet:-1","max-image-preview":"max-image-preview:large","max-video-preview":"max-video-preview:-1"},"canonical":"https:\/\/www.zakopanetravel.com\/pl\/o-nas\/","og_locale":"pl_PL","og_type":"article","og_title":"O nas","og_description":"Noclegi, restauracje, zaj\u0119cia zimowe, przydatne informacje o Zakopanem. W\u0142a\u015bciciele nieruchomo\u015bci mog\u0105 zameldowa\u0107 swoje mieszkania, domy.","og_url":"https:\/\/www.zakopanetravel.com\/pl\/o-nas\/","og_site_name":"Zakopanetravel.com","article_modified_time":"2023-02-09T12:25:14+00:00","twitter_card":"summary_large_image","twitter_misc":{"Szacowany czas czytania":"1 minuta"},"schema":{"@context":"https:\/\/schema.org","@graph":[{"@type":"WebPage","@id":"https:\/\/www.zakopanetravel.com\/pl\/o-nas\/","url":"https:\/\/www.zakopanetravel.com\/pl\/o-nas\/","name":"O nas - Zakopanetravel.com","isPartOf":{"@id":"https:\/\/www.zakopanetravel.com\/#website"},"datePublished":"2022-09-28T07:47:51+00:00","dateModified":"2023-02-09T12:25:14+00:00","description":"Noclegi, restauracje, zaj\u0119cia zimowe, przydatne informacje o Zakopanem. W\u0142a\u015bciciele nieruchomo\u015bci mog\u0105 zameldowa\u0107 swoje mieszkania, domy.","breadcrumb":{"@id":"https:\/\/www.zakopanetravel.com\/pl\/o-nas\/#breadcrumb"},"inLanguage":"pl-PL","potentialAction":[{"@type":"ReadAction","target":["https:\/\/www.zakopanetravel.com\/pl\/o-nas\/"]}]},{"@type":"BreadcrumbList","@id":"https:\/\/www.zakopanetravel.com\/pl\/o-nas\/#breadcrumb","itemListElement":[{"@type":"ListItem","position":1,"name":"Home","item":"https:\/\/www.zakopanetravel.com\/pl\/"},{"@type":"ListItem","position":2,"name":"O nas"}]},{"@type":"WebSite","@id":"https:\/\/www.zakopanetravel.com\/#website","url":"https:\/\/www.zakopanetravel.com\/","name":"Zakopanetravel.com","description":"Wsp\u00f3lnota","potentialAction":[{"@type":"SearchAction","target":{"@type":"EntryPoint","urlTemplate":"https:\/\/www.zakopanetravel.com\/?s={search_term_string}"},"query-input":"required name=search_term_string"}],"inLanguage":"pl-PL"}]}},"_links":{"self":[{"href":"https:\/\/www.zakopanetravel.com\/pl\/wp-json\/wp\/v2\/pages\/13680"}],"collection":[{"href":"https:\/\/www.zakopanetravel.com\/pl\/wp-json\/wp\/v2\/pages"}],"about":[{"href":"https:\/\/www.zakopanetravel.com\/pl\/wp-json\/wp\/v2\/types\/page"}],"author":[{"embeddable":true,"href":"https:\/\/www.zakopanetravel.com\/pl\/wp-json\/wp\/v2\/users\/3"}],"replies":[{"embeddable":true,"href":"https:\/\/www.zakopanetravel.com\/pl\/wp-json\/wp\/v2\/comments?post=13680"}],"version-history":[{"count":35,"href":"https:\/\/www.zakopanetravel.com\/pl\/wp-json\/wp\/v2\/pages\/13680\/revisions"}],"predecessor-version":[{"id":19511,"href":"https:\/\/www.zakopanetravel.com\/pl\/wp-json\/wp\/v2\/pages\/13680\/revisions\/19511"}],"wp:attachment":[{"href":"https:\/\/www.zakopanetravel.com\/pl\/wp-json\/wp\/v2\/media?parent=13680"}],"curies":[{"name":"wp","href":"https:\/\/api.w.org\/{rel}","templated":true}]}}