{"id":13696,"date":"2022-09-28T10:02:50","date_gmt":"2022-09-28T08:02:50","guid":{"rendered":"https:\/\/www.zakopanetravel.com\/home\/"},"modified":"2023-02-09T15:43:30","modified_gmt":"2023-02-09T13:43:30","slug":"home","status":"publish","type":"page","link":"https:\/\/www.zakopanetravel.com\/pl\/","title":{"rendered":"Dom"},"content":{"rendered":"\t\t<div data-elementor-type=\"wp-page\" data-elementor-id=\"13696\" class=\"elementor elementor-13696 elementor-106\">\n\t\t\t\t\t\t\t\t\t<section class=\"elementor-section elementor-top-section elementor-element elementor-element-11f9d621 elementor-section-full_width elementor-section-height-default elementor-section-height-default\" data-id=\"11f9d621\" data-element_type=\"section\">\n\t\t\t\t\t\t<div class=\"elementor-container elementor-column-gap-no\">\n\t\t\t\t\t<div class=\"elementor-column elementor-col-100 elementor-top-column elementor-element elementor-element-33e343d4\" data-id=\"33e343d4\" data-element_type=\"column\">\n\t\t\t<div class=\"elementor-widget-wrap elementor-element-populated\">\n\t\t\t\t\t\t\t\t<div class=\"elementor-element elementor-element-479f57e0 elementor-widget elementor-widget-vlt-showcase-10\" data-id=\"479f57e0\" data-element_type=\"widget\" data-settings=\"{&quot;aos_animation_name&quot;:&quot;none&quot;}\" data-widget_type=\"vlt-showcase-10.default\">\n\t\t\t\t<div class=\"elementor-widget-container\">\n\t\t\t\n\t\t<div class=\"vlt-showcase vlt-showcase--style-10 swiper-container\" data-gap=\"30\" data-navigation-anchor=\"\">\n\n\t\t\t<div class=\"swiper-wrapper\">\n\n\t\t\t\t\n\t\t\t\t\t<div class=\"swiper-slide\">\n\n\t\t\t\t\t\t<div class=\"vlt-showcase-item\">\n\n\t\t\t\t\t\t\t\n\t\t\t\t\t\t\t\t<div class=\"vlt-showcase-image\">\n\n\t\t\t\t\t\t\t\t\t<img class=\"swiper-lazy\" src=\"\" data-src=\"https:\/\/www.zakopanetravel.com\/assets\/uploads\/zakopane-blog\/zakopane.jpg\" alt=\"Zakopane.jpg\">\n\t\t\t\t\t\t\t\t\t<div class=\"swiper-lazy-preloader\"><\/div>\n\n\t\t\t\t\t\t\t\t<\/div>\n\n\t\t\t\t\t\t\t\n\t\t\t\t\t\t\t<div class=\"vlt-showcase-content\">\n\n\t\t\t\t\t\t\t\t\n\t\t\t\t\t\t\t\t\t<div class=\"vlt-showcase-category\">\n\t\t\t\t\t\t\t\t\t\t Odkryj natur\u0119\t\t\t\t\t\t\t\t\t<\/div>\n\n\t\t\t\t\t\t\t\t\n\t\t\t\t\t\t\t\t\n\t\t\t\t\t\t\t\t\t\n\t\t\t\t\t\t\t\t\t<h2 class=\"vlt-showcase-title \">\n\t\t\t\t\t\t\t\t\t\t<a href=\"\/pl\/zakopane\">Zakopane<\/a>\t\t\t\t\t\t\t\t\t<\/h2>\n\n\t\t\t\t\t\t\t\t\n\t\t\t\t\t\t\t\t\n\t\t\t\t\t\t\t\t\t<p class=\"vlt-showcase-text\">\n\t\t\t\t\t\t\t\t\t\tZakopane to przepi\u0119kna g\u00f3rska miejscowo\u015b\u0107 w po\u0142udniowej Polsce, u st\u00f3p Tatr. Jest wa\u017cnym o\u015brodkiem sport\u00f3w zimowych i uzdrowiskowym. Zakopane, po\u0142o\u017cone przy dobrych trasach kolejowych i autostradowych, jest tak\u017ce o\u015brodkiem kulturalnym okolicy.\n\n\n\t\t\t\t\t\t\t\t\t<\/p>\n\n\t\t\t\t\t\t\t\t\n\t\t\t\t\t\t\t\t\n\t\t\t\t\t\t\t\t\t<a class=\"vlt-showcase-link\" href=\"\/pl\/zakopane\"><i class=\"fa-regular fa-fw fa-arrow-right\"><\/i><\/a>\n\n\t\t\t\t\t\t\t\t\n\t\t\t\t\t\t\t<\/div>\n\n\t\t\t\t\t\t<\/div>\n\n\t\t\t\t\t<\/div>\n\n\t\t\t\t\n\t\t\t\t\t<div class=\"swiper-slide\">\n\n\t\t\t\t\t\t<div class=\"vlt-showcase-item\">\n\n\t\t\t\t\t\t\t\n\t\t\t\t\t\t\t\t<div class=\"vlt-showcase-image\">\n\n\t\t\t\t\t\t\t\t\t<img class=\"swiper-lazy\" src=\"\" data-src=\"https:\/\/www.zakopanetravel.com\/assets\/uploads\/zakopane-main-page\/74136184.jpg\" alt=\"74136184.jpg\">\n\t\t\t\t\t\t\t\t\t<div class=\"swiper-lazy-preloader\"><\/div>\n\n\t\t\t\t\t\t\t\t<\/div>\n\n\t\t\t\t\t\t\t\n\t\t\t\t\t\t\t<div class=\"vlt-showcase-content\">\n\n\t\t\t\t\t\t\t\t\n\t\t\t\t\t\t\t\t\t<div class=\"vlt-showcase-category\">\n\t\t\t\t\t\t\t\t\t\tskontaktuj si\u0119 bezpo\u015brednio\t\t\t\t\t\t\t\t\t<\/div>\n\n\t\t\t\t\t\t\t\t\n\t\t\t\t\t\t\t\t\n\t\t\t\t\t\t\t\t\t\n\t\t\t\t\t\t\t\t\t<h2 class=\"vlt-showcase-title \">\n\t\t\t\t\t\t\t\t\t\t<a href=\"\/pl\/noclegi\/\">Noclegi<\/a>\t\t\t\t\t\t\t\t\t<\/h2>\n\n\t\t\t\t\t\t\t\t\n\t\t\t\t\t\t\t\t\n\t\t\t\t\t\t\t\t\t<p class=\"vlt-showcase-text\">\n\t\t\t\t\t\t\t\t\t\tWy\u015blij zapytanie o rezerwacj\u0119 bezpo\u015brednio do w\u0142a\u015bciciela! Bez dodatkowej op\u0142aty.\nOtrzymasz najlepsz\u0105 cen\u0119, znajdziesz bezpo\u015brednie dane kontaktowe: e-mail kwatery, telefon i bezpo\u015bredni\u0105 stron\u0119 internetow\u0105. Mo\u017cesz sprawdzi\u0107 dost\u0119pno\u015b\u0107 i ceny na ich stronie internetowej.\t\t\t\t\t\t\t\t\t<\/p>\n\n\t\t\t\t\t\t\t\t\n\t\t\t\t\t\t\t\t\n\t\t\t\t\t\t\t\t\t<a class=\"vlt-showcase-link\" href=\"\/pl\/noclegi\/\"><i class=\"fa-regular fa-fw fa-arrow-right\"><\/i><\/a>\n\n\t\t\t\t\t\t\t\t\n\t\t\t\t\t\t\t<\/div>\n\n\t\t\t\t\t\t<\/div>\n\n\t\t\t\t\t<\/div>\n\n\t\t\t\t\n\t\t\t\t\t<div class=\"swiper-slide\">\n\n\t\t\t\t\t\t<div class=\"vlt-showcase-item\">\n\n\t\t\t\t\t\t\t\n\t\t\t\t\t\t\t\t<div class=\"vlt-showcase-image\">\n\n\t\t\t\t\t\t\t\t\t<img class=\"swiper-lazy\" src=\"\" data-src=\"https:\/\/www.zakopanetravel.com\/assets\/uploads\/zakopane-main-page\/brooke-cagle-whwybmtn3_0-unsplash.jpg\" alt=\"brooke-cagle-WHWYBmtn3_0-unsplash.jpg\">\n\t\t\t\t\t\t\t\t\t<div class=\"swiper-lazy-preloader\"><\/div>\n\n\t\t\t\t\t\t\t\t<\/div>\n\n\t\t\t\t\t\t\t\n\t\t\t\t\t\t\t<div class=\"vlt-showcase-content\">\n\n\t\t\t\t\t\t\t\t\n\t\t\t\t\t\t\t\t\t<div class=\"vlt-showcase-category\">\n\t\t\t\t\t\t\t\t\t\tCz\u0142onkostwo\t\t\t\t\t\t\t\t\t<\/div>\n\n\t\t\t\t\t\t\t\t\n\t\t\t\t\t\t\t\t\n\t\t\t\t\t\t\t\t\t\n\t\t\t\t\t\t\t\t\t<h2 class=\"vlt-showcase-title \">\n\t\t\t\t\t\t\t\t\t\t<a href=\"\/pl\/jak-sie-zarejestrowac\">Rejestr w\u0142a\u015bciciela<\/a>\t\t\t\t\t\t\t\t\t<\/h2>\n\n\t\t\t\t\t\t\t\t\n\t\t\t\t\t\t\t\t\n\t\t\t\t\t\t\t\t\t<p class=\"vlt-showcase-text\">\n\t\t\t\t\t\t\t\t\t\tZarejestruj swoje zakwaterowanie lub restauracj\u0119 i przedstaw je na naszej stronie! Aby uzyska\u0107 wi\u0119cej informacji, zarejestruj si\u0119 na stronie.<\/br><\/br><\/br>\t\t\t\t\t\t\t\t\t<\/p>\n\n\t\t\t\t\t\t\t\t\n\t\t\t\t\t\t\t\t\n\t\t\t\t\t\t\t\t\t<a class=\"vlt-showcase-link\" href=\"\/pl\/jak-sie-zarejestrowac\"><i class=\"fa-regular fa-fw fa-arrow-right\"><\/i><\/a>\n\n\t\t\t\t\t\t\t\t\n\t\t\t\t\t\t\t<\/div>\n\n\t\t\t\t\t\t<\/div>\n\n\t\t\t\t\t<\/div>\n\n\t\t\t\t\n\t\t\t<\/div>\n\n\t\t<\/div>\n\n\t\t\t\t<\/div>\n\t\t\t\t<\/div>\n\t\t\t\t\t<\/div>\n\t\t<\/div>\n\t\t\t\t\t\t\t<\/div>\n\t\t<\/section>\n\t\t\t\t\t\t\t<\/div>\n\t\t","protected":false},"excerpt":{"rendered":"<p>Odkryj natur\u0119 Zakopane Zakopane to przepi\u0119kna g\u00f3rska miejscowo\u015b\u0107 w po\u0142udniowej Polsce, u st\u00f3p Tatr. Jest wa\u017cnym o\u015brodkiem sport\u00f3w zimowych i uzdrowiskowym. Zakopane, po\u0142o\u017cone przy dobrych trasach kolejowych i autostradowych, jest tak\u017ce o\u015brodkiem kulturalnym okolicy. skontaktuj si\u0119 bezpo\u015brednio Noclegi Wy\u015blij zapytanie o rezerwacj\u0119 bezpo\u015brednio do w\u0142a\u015bciciela! Bez dodatkowej op\u0142aty. Otrzymasz najlepsz\u0105 cen\u0119, znajdziesz bezpo\u015brednie dane kontaktowe: [&hellip;]<\/p>\n","protected":false},"author":3,"featured_media":0,"parent":0,"menu_order":0,"comment_status":"closed","ping_status":"closed","template":"template-custom-page.php","meta":{"_vp_format_video_url":"","_vp_image_focal_point":[]},"acf":[],"yoast_head":"<!-- This site is optimized with the Yoast SEO Premium plugin v19.0 (Yoast SEO v19.10) - https:\/\/yoast.com\/wordpress\/plugins\/seo\/ -->\n<title>Dom - Zakopanetravel.com<\/title>\n<meta name=\"robots\" content=\"index, follow, max-snippet:-1, max-image-preview:large, max-video-preview:-1\" \/>\n<link rel=\"canonical\" href=\"https:\/\/www.zakopanetravel.com\/pl\/\" \/>\n<meta property=\"og:locale\" content=\"pl_PL\" \/>\n<meta property=\"og:type\" content=\"article\" \/>\n<meta property=\"og:title\" content=\"Dom\" \/>\n<meta property=\"og:description\" content=\"Odkryj natur\u0119 Zakopane Zakopane to przepi\u0119kna g\u00f3rska miejscowo\u015b\u0107 w po\u0142udniowej Polsce, u st\u00f3p Tatr. Jest wa\u017cnym o\u015brodkiem sport\u00f3w zimowych i uzdrowiskowym. Zakopane, po\u0142o\u017cone przy dobrych trasach kolejowych i autostradowych, jest tak\u017ce o\u015brodkiem kulturalnym okolicy. skontaktuj si\u0119 bezpo\u015brednio Noclegi Wy\u015blij zapytanie o rezerwacj\u0119 bezpo\u015brednio do w\u0142a\u015bciciela! Bez dodatkowej op\u0142aty. Otrzymasz najlepsz\u0105 cen\u0119, znajdziesz bezpo\u015brednie dane kontaktowe: [&hellip;]\" \/>\n<meta property=\"og:url\" content=\"https:\/\/www.zakopanetravel.com\/pl\/\" \/>\n<meta property=\"og:site_name\" content=\"Zakopanetravel.com\" \/>\n<meta property=\"article:modified_time\" content=\"2023-02-09T13:43:30+00:00\" \/>\n<meta name=\"twitter:card\" content=\"summary_large_image\" \/>\n<meta name=\"twitter:label1\" content=\"Szacowany czas czytania\" \/>\n\t<meta name=\"twitter:data1\" content=\"2 minuty\" \/>\n<script type=\"application\/ld+json\" class=\"yoast-schema-graph\">{\"@context\":\"https:\/\/schema.org\",\"@graph\":[{\"@type\":\"WebPage\",\"@id\":\"https:\/\/www.zakopanetravel.com\/pl\/\",\"url\":\"https:\/\/www.zakopanetravel.com\/pl\/\",\"name\":\"Dom - Zakopanetravel.com\",\"isPartOf\":{\"@id\":\"https:\/\/www.zakopanetravel.com\/#website\"},\"datePublished\":\"2022-09-28T08:02:50+00:00\",\"dateModified\":\"2023-02-09T13:43:30+00:00\",\"breadcrumb\":{\"@id\":\"https:\/\/www.zakopanetravel.com\/pl\/#breadcrumb\"},\"inLanguage\":\"pl-PL\",\"potentialAction\":[{\"@type\":\"ReadAction\",\"target\":[\"https:\/\/www.zakopanetravel.com\/pl\/\"]}]},{\"@type\":\"BreadcrumbList\",\"@id\":\"https:\/\/www.zakopanetravel.com\/pl\/#breadcrumb\",\"itemListElement\":[{\"@type\":\"ListItem\",\"position\":1,\"name\":\"Home\",\"item\":\"https:\/\/www.zakopanetravel.com\/pl\/\"},{\"@type\":\"ListItem\",\"position\":2,\"name\":\"Dom\"}]},{\"@type\":\"WebSite\",\"@id\":\"https:\/\/www.zakopanetravel.com\/#website\",\"url\":\"https:\/\/www.zakopanetravel.com\/\",\"name\":\"Zakopanetravel.com\",\"description\":\"Wsp\u00f3lnota\",\"potentialAction\":[{\"@type\":\"SearchAction\",\"target\":{\"@type\":\"EntryPoint\",\"urlTemplate\":\"https:\/\/www.zakopanetravel.com\/?s={search_term_string}\"},\"query-input\":\"required name=search_term_string\"}],\"inLanguage\":\"pl-PL\"}]}<\/script>\n<!-- \/ Yoast SEO Premium plugin. -->","yoast_head_json":{"title":"Dom - Zakopanetravel.com","robots":{"index":"index","follow":"follow","max-snippet":"max-snippet:-1","max-image-preview":"max-image-preview:large","max-video-preview":"max-video-preview:-1"},"canonical":"https:\/\/www.zakopanetravel.com\/pl\/","og_locale":"pl_PL","og_type":"article","og_title":"Dom","og_description":"Odkryj natur\u0119 Zakopane Zakopane to przepi\u0119kna g\u00f3rska miejscowo\u015b\u0107 w po\u0142udniowej Polsce, u st\u00f3p Tatr. Jest wa\u017cnym o\u015brodkiem sport\u00f3w zimowych i uzdrowiskowym. Zakopane, po\u0142o\u017cone przy dobrych trasach kolejowych i autostradowych, jest tak\u017ce o\u015brodkiem kulturalnym okolicy. skontaktuj si\u0119 bezpo\u015brednio Noclegi Wy\u015blij zapytanie o rezerwacj\u0119 bezpo\u015brednio do w\u0142a\u015bciciela! Bez dodatkowej op\u0142aty. Otrzymasz najlepsz\u0105 cen\u0119, znajdziesz bezpo\u015brednie dane kontaktowe: [&hellip;]","og_url":"https:\/\/www.zakopanetravel.com\/pl\/","og_site_name":"Zakopanetravel.com","article_modified_time":"2023-02-09T13:43:30+00:00","twitter_card":"summary_large_image","twitter_misc":{"Szacowany czas czytania":"2 minuty"},"schema":{"@context":"https:\/\/schema.org","@graph":[{"@type":"WebPage","@id":"https:\/\/www.zakopanetravel.com\/pl\/","url":"https:\/\/www.zakopanetravel.com\/pl\/","name":"Dom - Zakopanetravel.com","isPartOf":{"@id":"https:\/\/www.zakopanetravel.com\/#website"},"datePublished":"2022-09-28T08:02:50+00:00","dateModified":"2023-02-09T13:43:30+00:00","breadcrumb":{"@id":"https:\/\/www.zakopanetravel.com\/pl\/#breadcrumb"},"inLanguage":"pl-PL","potentialAction":[{"@type":"ReadAction","target":["https:\/\/www.zakopanetravel.com\/pl\/"]}]},{"@type":"BreadcrumbList","@id":"https:\/\/www.zakopanetravel.com\/pl\/#breadcrumb","itemListElement":[{"@type":"ListItem","position":1,"name":"Home","item":"https:\/\/www.zakopanetravel.com\/pl\/"},{"@type":"ListItem","position":2,"name":"Dom"}]},{"@type":"WebSite","@id":"https:\/\/www.zakopanetravel.com\/#website","url":"https:\/\/www.zakopanetravel.com\/","name":"Zakopanetravel.com","description":"Wsp\u00f3lnota","potentialAction":[{"@type":"SearchAction","target":{"@type":"EntryPoint","urlTemplate":"https:\/\/www.zakopanetravel.com\/?s={search_term_string}"},"query-input":"required name=search_term_string"}],"inLanguage":"pl-PL"}]}},"_links":{"self":[{"href":"https:\/\/www.zakopanetravel.com\/pl\/wp-json\/wp\/v2\/pages\/13696"}],"collection":[{"href":"https:\/\/www.zakopanetravel.com\/pl\/wp-json\/wp\/v2\/pages"}],"about":[{"href":"https:\/\/www.zakopanetravel.com\/pl\/wp-json\/wp\/v2\/types\/page"}],"author":[{"embeddable":true,"href":"https:\/\/www.zakopanetravel.com\/pl\/wp-json\/wp\/v2\/users\/3"}],"replies":[{"embeddable":true,"href":"https:\/\/www.zakopanetravel.com\/pl\/wp-json\/wp\/v2\/comments?post=13696"}],"version-history":[{"count":55,"href":"https:\/\/www.zakopanetravel.com\/pl\/wp-json\/wp\/v2\/pages\/13696\/revisions"}],"predecessor-version":[{"id":19523,"href":"https:\/\/www.zakopanetravel.com\/pl\/wp-json\/wp\/v2\/pages\/13696\/revisions\/19523"}],"wp:attachment":[{"href":"https:\/\/www.zakopanetravel.com\/pl\/wp-json\/wp\/v2\/media?parent=13696"}],"curies":[{"name":"wp","href":"https:\/\/api.w.org\/{rel}","templated":true}]}}